 {"id":20019,"date":"2021-06-10T21:35:54","date_gmt":"2021-06-10T21:35:54","guid":{"rendered":"https:\/\/www.rocketshipschools.org\/?page_id=20019"},"modified":"2021-06-10T21:54:08","modified_gmt":"2021-06-10T21:54:08","slug":"food-distribution","status":"publish","type":"page","link":"https:\/\/www.rocketshipschools.org\/en\/food-distribution\/","title":{"rendered":"Community Food Distribution"},"content":{"rendered":"<div class=\"wpb-content-wrapper\"><div data-vc-full-width=\"true\" data-vc-full-width-init=\"false\" data-vc-stretch-content=\"true\" class=\"vc_row wpb_row vc_row-fluid vc_row-no-padding vc_row-o-content-top vc_row-flex\"><div class=\"wpb_column vc_column_container vc_col-sm-12\"><div class=\"vc_column-inner\"><div class=\"wpb_wrapper\"><div class=\"vc_empty_space\"   style=\"height: 32px\"><span class=\"vc_empty_space_inner\"><\/span><\/div><\/div><\/div><\/div><\/div><div class=\"vc_row-full-width vc_clearfix\"><\/div><div class=\"vc_row wpb_row vc_row-fluid\"><div class=\"wpb_column vc_column_container vc_col-sm-12\"><div class=\"vc_column-inner\"><div class=\"wpb_wrapper\">\n\t<div class=\"wpb_text_column wpb_content_element\" >\n\t\t<div class=\"wpb_wrapper\">\n\t\t\t<h2 style=\"text-align: center;\">Free Meal Boxes for Bay Area Families<\/h2>\n\n\t\t<\/div>\n\t<\/div>\n<div class=\"vc_empty_space\"   style=\"height: 32px\"><span class=\"vc_empty_space_inner\"><\/span><\/div><div class=\"vc_empty_space\"   style=\"height: 32px\"><span class=\"vc_empty_space_inner\"><\/span><\/div>\n\t<div class=\"wpb_text_column wpb_content_element\" >\n\t\t<div class=\"wpb_wrapper\">\n\t\t\t<p><strong>Rocketship Public Schools and Revolution Foods are excited to offer FREE 7-day meal boxes to ALL members of the Bay Area community throughout the summer, starting June 14 and ending July 16!<\/strong><strong> We hope to see you there!<\/strong><\/p>\n<p>&nbsp;<\/p>\n<p>Find the school distributing meals closest to you below:<\/p>\n<p><em>\u00a1Estamos muy contentos de ofrecer cajas con 7 d\u00edas de comida GRATIS para la comunidad durante el verano, comenzando el 14 de junio y terminando el 16 de julio! Encuentre la distribuci\u00f3n de la escuela m\u00e1s cercana a usted a continuaci\u00f3n:<\/em><\/p>\n<p><em>Ch\u00fang t\u00f4i r\u1ea5t vui \u0111\u01b0\u1ee3c cung c\u1ea5p nh\u1eefng h\u1ed9p b\u1eefa \u0103n 7 ng\u00e0y MI\u1ec4N PH\u00cd cho c\u1ed9ng \u0111\u1ed3ng trong su\u1ed1t m\u00f9a h\u00e8, b\u1eaft \u0111\u1ea7u t\u1eeb ng\u00e0y 14 th\u00e1ng 6 v\u00e0 k\u1ebft th\u00fac v\u00e0o ng\u00e0y 16 th\u00e1ng 7! T\u00ecm tr\u01b0\u1eddng giao b\u1eefa \u0103n g\u1ea7n b\u1ea1n nh\u1ea5t d\u01b0\u1edbi \u0111\u00e2y:<\/em><\/p>\n<p><em>Rocketship Alma Academy<\/em><br \/>\n198 W. Alma Ave<br \/>\nSan Jose, CA 95110<br \/>\nDistributing on: Mondays &amp; Wednesdays from 8:30-11:30am<\/p>\n<p><em>Rocketship Fuerza Community Prep<\/em><br \/>\n70 S. Jackson Ave<br \/>\nSan Jose, CA 95116<br \/>\nDistributing on: Mondays, 3:00-5:00pm<\/p>\n<p><em>Rocketship Mosaic Elementary<\/em><br \/>\n950 Owsley Ave<br \/>\nSan Jose, CA 95122<br \/>\nDistributing on: Mondays, 7:00-11:00am<\/p>\n<p><em>Rocketship Spark Academy<\/em><br \/>\n683 Sylvandale Ave<br \/>\nSan Jose, CA 95111<br \/>\nDistributing on: Mondays, 1:00-4:00pm<\/p>\n<p><em>Rocketship Futuro Academy<\/em><br \/>\n2351 Olivera Rd<br \/>\nConcord, CA 94520<br \/>\nDistributing on: Mondays &amp; Wednesday from 9:00 &#8211; 11:00am<\/p>\n\n\t\t<\/div>\n\t<\/div>\n<div class=\"vc_empty_space\"   style=\"height: 32px\"><span class=\"vc_empty_space_inner\"><\/span><\/div><\/div><\/div><\/div><\/div><div class=\"vc_row wpb_row vc_row-fluid\"><div class=\"wpb_column vc_column_container vc_col-sm-12\"><div class=\"vc_column-inner\"><div class=\"wpb_wrapper\"><\/div><\/div><\/div><\/div>\n<\/div>","protected":false},"excerpt":{"rendered":"Free Meal Boxes for Bay Area Families Rocketship Public Schools and Revolution Foods are excited to offer FREE 7-day meal boxes to ALL members of the Bay Area community throughout the summer, starting June 14 and ending July 16! We hope to see you there! &nbsp; Find the school distributing meals closest to you below:&hellip;","protected":false},"author":17,"featured_media":0,"parent":0,"menu_order":0,"comment_status":"closed","ping_status":"closed","template":"","meta":{"_acf_changed":false,"content-type":"","footnotes":""},"tips_for_teachers":[],"class_list":["post-20019","page","type-page","status-publish","hentry"],"acf":[],"yoast_head":"<!-- This site is optimized with the Yoast SEO plugin v27.0 - https:\/\/yoast.com\/product\/yoast-seo-wordpress\/ -->\n<title>Community Food Distribution<\/title>\n<meta name=\"robots\" content=\"index, follow, max-snippet:-1, max-image-preview:large, max-video-preview:-1\" \/>\n<link rel=\"canonical\" href=\"https:\/\/www.rocketshipschools.org\/en\/food-distribution\/\" \/>\n<meta property=\"og:locale\" content=\"en_US\" \/>\n<meta property=\"og:type\" content=\"article\" \/>\n<meta property=\"og:title\" content=\"Community Food Distribution\" \/>\n<meta property=\"og:url\" content=\"https:\/\/www.rocketshipschools.org\/en\/food-distribution\/\" \/>\n<meta property=\"og:site_name\" content=\"Rocketship\" \/>\n<meta property=\"article:modified_time\" content=\"2021-06-10T21:54:08+00:00\" \/>\n<meta name=\"twitter:card\" content=\"summary_large_image\" \/>\n<meta name=\"twitter:label1\" content=\"Est. reading time\" \/>\n\t<meta name=\"twitter:data1\" content=\"2 minutes\" \/>\n<script type=\"application\/ld+json\" class=\"yoast-schema-graph\">{\"@context\":\"https:\/\/schema.org\",\"@graph\":[{\"@type\":\"WebPage\",\"@id\":\"https:\/\/www.rocketshipschools.org\/food-distribution\/\",\"url\":\"https:\/\/www.rocketshipschools.org\/food-distribution\/\",\"name\":\"Community Food Distribution\",\"isPartOf\":{\"@id\":\"https:\/\/www.rocketshipschools.org\/#website\"},\"datePublished\":\"2021-06-10T21:35:54+00:00\",\"dateModified\":\"2021-06-10T21:54:08+00:00\",\"breadcrumb\":{\"@id\":\"https:\/\/www.rocketshipschools.org\/food-distribution\/#breadcrumb\"},\"inLanguage\":\"en-US\",\"potentialAction\":[{\"@type\":\"ReadAction\",\"target\":[\"https:\/\/www.rocketshipschools.org\/food-distribution\/\"]}]},{\"@type\":\"BreadcrumbList\",\"@id\":\"https:\/\/www.rocketshipschools.org\/food-distribution\/#breadcrumb\",\"itemListElement\":[{\"@type\":\"ListItem\",\"position\":1,\"name\":\"Home\",\"item\":\"https:\/\/www.rocketshipschools.org\/\"},{\"@type\":\"ListItem\",\"position\":2,\"name\":\"Community Food Distribution\"}]},{\"@type\":\"WebSite\",\"@id\":\"https:\/\/www.rocketshipschools.org\/#website\",\"url\":\"https:\/\/www.rocketshipschools.org\/\",\"name\":\"Rocketship\",\"description\":\"We are unleashing potential.\",\"potentialAction\":[{\"@type\":\"SearchAction\",\"target\":{\"@type\":\"EntryPoint\",\"urlTemplate\":\"https:\/\/www.rocketshipschools.org\/?s={search_term_string}\"},\"query-input\":{\"@type\":\"PropertyValueSpecification\",\"valueRequired\":true,\"valueName\":\"search_term_string\"}}],\"inLanguage\":\"en-US\"}]}<\/script>\n<!-- \/ Yoast SEO plugin. -->","yoast_head_json":{"title":"Community Food Distribution","robots":{"index":"index","follow":"follow","max-snippet":"max-snippet:-1","max-image-preview":"max-image-preview:large","max-video-preview":"max-video-preview:-1"},"canonical":"https:\/\/www.rocketshipschools.org\/en\/food-distribution\/","og_locale":"en_US","og_type":"article","og_title":"Community Food Distribution","og_url":"https:\/\/www.rocketshipschools.org\/en\/food-distribution\/","og_site_name":"Rocketship","article_modified_time":"2021-06-10T21:54:08+00:00","twitter_card":"summary_large_image","twitter_misc":{"Est. reading time":"2 minutes"},"schema":{"@context":"https:\/\/schema.org","@graph":[{"@type":"WebPage","@id":"https:\/\/www.rocketshipschools.org\/food-distribution\/","url":"https:\/\/www.rocketshipschools.org\/food-distribution\/","name":"Community Food Distribution","isPartOf":{"@id":"https:\/\/www.rocketshipschools.org\/#website"},"datePublished":"2021-06-10T21:35:54+00:00","dateModified":"2021-06-10T21:54:08+00:00","breadcrumb":{"@id":"https:\/\/www.rocketshipschools.org\/food-distribution\/#breadcrumb"},"inLanguage":"en-US","potentialAction":[{"@type":"ReadAction","target":["https:\/\/www.rocketshipschools.org\/food-distribution\/"]}]},{"@type":"BreadcrumbList","@id":"https:\/\/www.rocketshipschools.org\/food-distribution\/#breadcrumb","itemListElement":[{"@type":"ListItem","position":1,"name":"Home","item":"https:\/\/www.rocketshipschools.org\/"},{"@type":"ListItem","position":2,"name":"Community Food Distribution"}]},{"@type":"WebSite","@id":"https:\/\/www.rocketshipschools.org\/#website","url":"https:\/\/www.rocketshipschools.org\/","name":"Rocketship","description":"We are unleashing potential.","potentialAction":[{"@type":"SearchAction","target":{"@type":"EntryPoint","urlTemplate":"https:\/\/www.rocketshipschools.org\/?s={search_term_string}"},"query-input":{"@type":"PropertyValueSpecification","valueRequired":true,"valueName":"search_term_string"}}],"inLanguage":"en-US"}]}},"_links":{"self":[{"href":"https:\/\/www.rocketshipschools.org\/en\/wp-json\/wp\/v2\/pages\/20019"}],"collection":[{"href":"https:\/\/www.rocketshipschools.org\/en\/wp-json\/wp\/v2\/pages"}],"about":[{"href":"https:\/\/www.rocketshipschools.org\/en\/wp-json\/wp\/v2\/types\/page"}],"author":[{"embeddable":true,"href":"https:\/\/www.rocketshipschools.org\/en\/wp-json\/wp\/v2\/users\/17"}],"replies":[{"embeddable":true,"href":"https:\/\/www.rocketshipschools.org\/en\/wp-json\/wp\/v2\/comments?post=20019"}],"version-history":[{"count":0,"href":"https:\/\/www.rocketshipschools.org\/en\/wp-json\/wp\/v2\/pages\/20019\/revisions"}],"wp:attachment":[{"href":"https:\/\/www.rocketshipschools.org\/en\/wp-json\/wp\/v2\/media?parent=20019"}],"wp:term":[{"taxonomy":"tips_for_teachers","embeddable":true,"href":"https:\/\/www.rocketshipschools.org\/en\/wp-json\/wp\/v2\/tips_for_teachers?post=20019"}],"curies":[{"name":"wp","href":"https:\/\/api.w.org\/{rel}","templated":true}]}}