 {"id":14759,"date":"2018-09-10T19:48:23","date_gmt":"2018-09-10T19:48:23","guid":{"rendered":"http:\/\/www.rocketshipschools.org\/?page_id=14759"},"modified":"2026-01-15T20:53:27","modified_gmt":"2026-01-15T20:53:27","slug":"school-leaders","status":"publish","type":"page","link":"https:\/\/www.rocketshipschools.org\/es\/unete-a-nuestro-equipo\/school-leaders\/","title":{"rendered":"School Leaders"},"content":{"rendered":"<div class=\"wpb-content-wrapper\"><div data-vc-full-width=\"true\" data-vc-full-width-init=\"false\" class=\"vc_row wpb_row vc_row-fluid hero vc_custom_1752532842242 vc_row-has-fill vc_row-o-content-middle vc_row-flex\"><div class=\"wpb_column vc_column_container vc_col-sm-12\"><div class=\"vc_column-inner\"><div class=\"wpb_wrapper\">\n\t<div class=\"wpb_raw_code wpb_raw_html wpb_content_element\" >\n\t\t<div class=\"wpb_wrapper\">\n\t\t\t<h1 class=\"text-left\"><\/span><\/h1>\n\t\t<\/div>\n\t<\/div>\n<\/div><\/div><\/div><\/div><div class=\"vc_row-full-width vc_clearfix\"><\/div><section class=\"vc_section\"><div id=\"breadcrumbs\" class=\"vc_row wpb_row vc_row-fluid\"><div class=\"wpb_column vc_column_container vc_col-sm-12\"><div class=\"vc_column-inner\"><div class=\"wpb_wrapper\">\n\t<div class=\"wpb_text_column wpb_content_element vc_custom_1508444985385\" >\n\t\t<div class=\"wpb_wrapper\">\n\t\t\t<span><span><a href=\"https:\/\/www.rocketshipschools.org\/es\/\">Inicio<\/a><\/span><\/span>\n\n\t\t<\/div>\n\t<\/div>\n<\/div><\/div><\/div><\/div><\/section><section class=\"vc_section\"><div class=\"vc_row wpb_row vc_row-fluid\"><div class=\"wpb_column vc_column_container vc_col-sm-2\"><div class=\"vc_column-inner\"><div class=\"wpb_wrapper\"><\/div><\/div><\/div><div class=\"wpb_column vc_column_container vc_col-sm-8\"><div class=\"vc_column-inner\"><div class=\"wpb_wrapper\">\n\t<div class=\"wpb_text_column wpb_content_element\" >\n\t\t<div class=\"wpb_wrapper\">\n\t\t\t<h3 class=\"text-centered\">Tomar La Cabeza<\/h3>\n<p style=\"text-align: center; margin-bottom: -20px;\">Los l\u00edderes escolares son la columna vertebral de nuestro impacto. Nuestros l\u00edderes est\u00e1n encargados de impulsar el rendimiento acad\u00e9mico, desarrollar maestros excepcionales y construir una cultura escolar rigurosa y alegre.  \u00bfEst\u00e1s listo para llevar tu impacto al siguiente nivel?<\/p>\n\n\t\t<\/div>\n\t<\/div>\n\n\t<div class=\"wpb_raw_code wpb_raw_html wpb_content_element\" >\n\t\t<div class=\"wpb_wrapper\">\n\t\t\t \n<div style=\"text-align:center;\"><button onclick=\" window.open('https:\/\/jobs.lever.co\/rocketship?department=2025-2026%20School%20Leader','_blank')\" type=\"button\" style=\"color: #FFF;    background-color: #ffb33a;    font-size: 20px;    padding: 14px 45px;    border-radius: 5px;    text-align: center;    letter-spacing: 0.25px;    border: none; margin-bottom: 20;\" onmouseover=\"this.style.backgroundColor='#eda428'\" onmouseout=\"this.style.backgroundColor='#ffb33a'\"> Solicite una plaza <\/button>\n\n\n<\/div>\n\t\t<\/div>\n\t<\/div>\n<div class=\"vc_empty_space\"   style=\"height: 40px\"><span class=\"vc_empty_space_inner\"><\/span><\/div><\/div><\/div><\/div><div class=\"wpb_column vc_column_container vc_col-sm-2\"><div class=\"vc_column-inner\"><div class=\"wpb_wrapper\"><\/div><\/div><\/div><\/div><\/section><section data-vc-full-width=\"true\" data-vc-full-width-init=\"false\" class=\"vc_section vc_custom_1702585036759 vc_section-has-fill\"><div class=\"vc_row wpb_row vc_row-fluid\"><div class=\"wpb_column vc_column_container vc_col-sm-12\"><div class=\"vc_column-inner\"><div class=\"wpb_wrapper\"><div class=\"vc_empty_space\"   style=\"height: 60px\"><span class=\"vc_empty_space_inner\"><\/span><\/div><\/div><\/div><\/div><\/div><div class=\"vc_row wpb_row vc_row-fluid\"><div class=\"wpb_column vc_column_container vc_col-sm-4\"><div class=\"vc_column-inner\"><div class=\"wpb_wrapper\">\n\t<div class=\"wpb_text_column wpb_content_element\" >\n\t\t<div class=\"wpb_wrapper\">\n\t\t\t<h2 style=\"text-align: center;\">Principal<\/h2>\n\n\t\t<\/div>\n\t<\/div>\n\n\t<div class=\"wpb_text_column wpb_content_element vc_custom_1768510189649\" >\n\t\t<div class=\"wpb_wrapper\">\n\t\t\t<p class=\"text-centered\" style=\"text-align: center;\">Ha demostrado su val\u00eda en el aula, demuestra liderazgo en su comunidad y le encanta desarrollar talentos. Est\u00e1s listo para liderar.<\/p>\n<p style=\"text-align: center;\"><a href=\"https:\/\/jobs.lever.co\/rocketship?department=2025-2026%20School%20Leader\"><strong>Solicite una plaza<\/strong><\/a><\/p>\n\n\t\t<\/div>\n\t<\/div>\n<\/div><\/div><\/div><div class=\"wpb_column vc_column_container vc_col-sm-4\"><div class=\"vc_column-inner\"><div class=\"wpb_wrapper\">\n\t<div class=\"wpb_text_column wpb_content_element\" >\n\t\t<div class=\"wpb_wrapper\">\n\t\t\t<h2 style=\"text-align: center;\">Asistente Principal<\/h2>\n\n\t\t<\/div>\n\t<\/div>\n\n\t<div class=\"wpb_text_column wpb_content_element vc_custom_1768510249489\" >\n\t\t<div class=\"wpb_wrapper\">\n\t\t\t<p class=\"text-centered\" style=\"text-align: center;\">Ense\u00f1a como un campe\u00f3n, adopta datos para impulsar decisiones y prospera en un entorno colaborativo y din\u00e1mico. Est\u00e1s listo para dar un paso al frente. Eres el subdirector.<br \/>\n<a href=\"https:\/\/jobs.lever.co\/rocketship?department=2026-2027%20School%20Leader&amp;team=Assistant%20Principal\"><strong>Solicite una plaza<\/strong><\/a><\/p>\n\n\t\t<\/div>\n\t<\/div>\n<\/div><\/div><\/div><div class=\"wpb_column vc_column_container vc_col-sm-4\"><div class=\"vc_column-inner\"><div class=\"wpb_wrapper\">\n\t<div class=\"wpb_text_column wpb_content_element\" >\n\t\t<div class=\"wpb_wrapper\">\n\t\t\t<h2 style=\"text-align: center;\">Rising Principal<\/h2>\n\n\t\t<\/div>\n\t<\/div>\n\n\t<div class=\"wpb_text_column wpb_content_element vc_custom_1768510297560\" >\n\t\t<div class=\"wpb_wrapper\">\n\t\t\t<p class=\"text-centered\">Ofreces un crecimiento acad\u00e9mico que cierra brechas, entrenas a buenos maestros para que sean excelentes y est\u00e1s en camino a la oficina del director. Te est\u00e1s preparando para levantarte.<\/p>\n<p style=\"text-align: center;\"><a href=\"https:\/\/jobs.lever.co\/rocketship?department=2025-2026%20School%20Leader&amp;team=Office%20Manager\"><b>M\u00e1s informaci\u00f3n<\/b><\/a><\/p>\n\n\t\t<\/div>\n\t<\/div>\n<\/div><\/div><\/div><div class=\"wpb_column vc_column_container vc_col-sm-12\"><div class=\"vc_column-inner\"><div class=\"wpb_wrapper\"><\/div><\/div><\/div><\/div><div class=\"vc_row wpb_row vc_row-fluid\"><div class=\"wpb_column vc_column_container vc_col-sm-12\"><div class=\"vc_column-inner\"><div class=\"wpb_wrapper\"><div class=\"vc_empty_space\"   style=\"height: 30px\"><span class=\"vc_empty_space_inner\"><\/span><\/div><\/div><\/div><\/div><\/div><div class=\"vc_row wpb_row vc_row-fluid\"><div class=\"wpb_column vc_column_container vc_col-sm-4\"><div class=\"vc_column-inner\"><div class=\"wpb_wrapper\">\n\t<div class=\"wpb_text_column wpb_content_element\" >\n\t\t<div class=\"wpb_wrapper\">\n\t\t\t<h2 style=\"text-align: center;\">Business Operations Manager<\/h2>\n\n\t\t<\/div>\n\t<\/div>\n\n\t<div class=\"wpb_text_column wpb_content_element vc_custom_1768510405299\" >\n\t\t<div class=\"wpb_wrapper\">\n\t\t\t<p class=\"text-centered\" style=\"text-align: center;\">Usted es un l\u00edder escolar al que le encanta la log\u00edstica, crea sistemas inteligentes para ayudar a que todo funcione sin problemas y comprende c\u00f3mo establecer una cultura escolar s\u00f3lida. Eres la lista de materiales.<\/p>\n<p style=\"text-align: center;\"><a href=\"https:\/\/jobs.lever.co\/rocketship?department=2026-2027%20School%20Leader\"><strong>Solicite una plaza<\/strong><\/a><\/p>\n\n\t\t<\/div>\n\t<\/div>\n<\/div><\/div><\/div><div class=\"wpb_column vc_column_container vc_col-sm-4\"><div class=\"vc_column-inner\"><div class=\"wpb_wrapper\">\n\t<div class=\"wpb_text_column wpb_content_element\" >\n\t\t<div class=\"wpb_wrapper\">\n\t\t\t<h2 style=\"text-align: center;\">Gerente De Oficina<\/h2>\n\n\t\t<\/div>\n\t<\/div>\n\n\t<div class=\"wpb_text_column wpb_content_element vc_custom_1744318929991\" >\n\t\t<div class=\"wpb_wrapper\">\n\t\t\t<p style=\"text-align: center;\"><span id=\"m_5906639511542559416gmail-docs-internal-guid-8ef1a90b-7fff-24b5-371f-3ba77b0175b8\">Est\u00e1 orientado a los detalles y tiene una habilidad especial para resolver problemas y construir relaciones. Est\u00e1 listo para dirigir la oficina principal.<\/span><\/p>\n<p style=\"text-align: center;\"><a href=\"https:\/\/jobs.lever.co\/rocketship?department=2025-2026%20School%20Leader\"><strong>Solicite una plaza<\/strong><\/a><\/p>\n<div class=\"yj6qo ajU\"><\/div>\n\n\t\t<\/div>\n\t<\/div>\n<\/div><\/div><\/div><div class=\"wpb_column vc_column_container vc_col-sm-4\"><div class=\"vc_column-inner\"><div class=\"wpb_wrapper\"><section class=\"vc_cta3-container\"><div class=\"vc_general vc_do_cta3 vc_cta3 vc_cta3-style-classic vc_cta3-shape-rounded vc_cta3-align-center vc_cta3-color-classic vc_cta3-icon-size-md vc_cta3-actions-bottom vc_custom_1768510360304\"><div class=\"vc_cta3_content-container\"><div class=\"vc_cta3-content\"><header class=\"vc_cta3-content-header\"><h2>\u00bfInteresado en una posici\u00f3n de liderazgo?<\/h2><\/header><\/div><div class=\"vc_cta3-actions\"><div class=\"vc_btn3-container vc_btn3-center vc_do_btn\" ><a style=\"background-color:#ffb33a; color:#ffffff;\" class=\"vc_general vc_btn3 vc_btn3-size-md vc_btn3-shape-rounded vc_btn3-style-custom\" href=\"https:\/\/jobs.lever.co\/rocketship?department=2026-2027%20School%20Leader\" title=\"\" target=\"_blank\">Solicitar ahora<\/a><\/div><\/div><\/div><\/div><\/section><\/div><\/div><\/div><\/div><div id=\"jobs\" class=\"vc_row wpb_row vc_row-fluid\"><div class=\"wpb_column vc_column_container vc_col-sm-12\"><div class=\"vc_column-inner\"><div class=\"wpb_wrapper\"><div class=\"vc_empty_space\"   style=\"height: 60px\"><span class=\"vc_empty_space_inner\"><\/span><\/div><\/div><\/div><\/div><\/div><\/section><div class=\"vc_row-full-width vc_clearfix\"><\/div><section class=\"vc_section\"><div data-vc-full-width=\"true\" data-vc-full-width-init=\"false\" class=\"vc_row wpb_row vc_row-fluid vc_custom_1701883947272 vc_row-has-fill vc_row-o-content-middle vc_row-flex\"><div class=\"wpb_column vc_column_container vc_col-sm-12\"><div class=\"vc_column-inner\"><div class=\"wpb_wrapper\"><h2 style=\"color: #ffffff;text-align: center;font-family:Quicksand;font-weight:400;font-style:normal\" class=\"vc_custom_heading vc_do_custom_heading vc_custom_1701883356809\" >\u00a1Sea el primero en enterarse de las ofertas de empleo!<\/h2>\n\t<div class=\"wpb_raw_code wpb_raw_html wpb_content_element\" >\n\t\t<div class=\"wpb_wrapper\">\n\t\t\t<div style=\"max-width: fit-content; margin: 0 auto;\">\n<form method=\"post\" action=\"\/wp-admin\/admin-post.php\" data-hs-cf-bound=\"true\" data-trp-original-action=\"\/wp-admin\/admin-post.php\">\n    <input name=\"action\" type=\"hidden\" value=\"subscribe_user_emma\">\n    <input name=\"group\" type=\"hidden\" value=\"65381226\">\n    <input name=\"redirect\" type=\"hidden\" value=\"\/teacher-recruitment-thank-you\/\">\n    <div class=\"form_field\" style=\"width: auto; display: flex; flex-direction: row; flex-wrap: nowrap;\">\n        <label style=\"position: absolute; left: -10000px;\">Correo electr\u00f3nico<\/label>\n        <input required id=\"id_email\" name=\"email\" type=\"email\" placeholder=\"email@domain.com\" style=\"height: auto; font-size: 20px; margin-right: 10px; padding: 14px 45px; border-radius: 5px; letter-spacing: 0.25px;\" \/>\n        <button type=\"submit\" style=\"color: rgb(255, 255, 255); background-color: rgb(255, 179, 58); font-size: 20px; padding: 14px 45px; border-radius: 5px; text-align: center; letter-spacing: 0.25px; border: none;\" onmouseover=\"this.style.backgroundColor='#eda428'\" onmouseout=\"this.style.backgroundColor='#ffb33a'\">Inscribirse<\/button>\n    <\/div>\n<input type=\"hidden\" name=\"trp-form-language\" value=\"es\"\/><\/form>\n<\/div>\n\t\t<\/div>\n\t<\/div>\n<div class=\"vc_empty_space\"   style=\"height: 40px\"><span class=\"vc_empty_space_inner\"><\/span><\/div><\/div><\/div><\/div><\/div><div class=\"vc_row-full-width vc_clearfix\"><\/div><div class=\"vc_row wpb_row vc_row-fluid\"><div class=\"wpb_column vc_column_container vc_col-sm-6\"><div class=\"vc_column-inner\"><div class=\"wpb_wrapper\">\n\t<div class=\"wpb_text_column wpb_content_element\" >\n\t\t<div class=\"wpb_wrapper\">\n\t\t\t<h4><strong>Luchar por la equidad<\/strong><\/h4>\n<p>Creemos que todos los ni\u00f1os tienen potencial y que las grandes escuelas p\u00fablicas liberan ese potencial. Pero la calidad de la educaci\u00f3n p\u00fablica en nuestro pa\u00eds sigue dependiendo de d\u00f3nde vivas y de cu\u00e1nto dinero ganen tus padres. Estamos construyendo un movimiento para crear equidad educativa en las comunidades desfavorecidas de todo el pa\u00eds.<\/p>\n\n\t\t<\/div>\n\t<\/div>\n<\/div><\/div><\/div><div class=\"wpb_column vc_column_container vc_col-sm-6\"><div class=\"vc_column-inner\"><div class=\"wpb_wrapper\"><div class=\"vc_empty_space\"   style=\"height: 50px\"><span class=\"vc_empty_space_inner\"><\/span><\/div>\n\t<div  class=\"wpb_single_image wpb_content_element vc_align_center wpb_content_element  lightbox\">\n\t\t\n\t\t<figure class=\"wpb_wrapper vc_figure\">\n\t\t\t<a href=\"https:\/\/vimeo.com\/204607184\" target=\"_self\" class=\"vc_single_image-wrapper   vc_box_border_grey\"><img loading=\"lazy\" decoding=\"async\" width=\"1290\" height=\"544\" src=\"https:\/\/www.rocketshipschools.org\/wp-content\/uploads\/2017\/10\/Vid4-e1513834952317.png\" class=\"vc_single_image-img attachment-full\" alt=\"\" title=\"No hay tiempo que esperar\" \/><\/a>\n\t\t<\/figure>\n\t<\/div>\n<\/div><\/div><\/div><\/div><div class=\"vc_row wpb_row vc_row-fluid\"><div class=\"wpb_column vc_column_container vc_col-sm-12\"><div class=\"vc_column-inner\"><div class=\"wpb_wrapper\"><div class=\"vc_empty_space\"   style=\"height: 40px\"><span class=\"vc_empty_space_inner\"><\/span><\/div><\/div><\/div><\/div><\/div><\/section><section class=\"vc_section\"><div class=\"vc_row wpb_row vc_row-fluid\"><div class=\"wpb_column vc_column_container vc_col-sm-12\"><div class=\"vc_column-inner\"><div class=\"wpb_wrapper\"><div class=\"vc_empty_space\"   style=\"height: 40px\"><span class=\"vc_empty_space_inner\"><\/span><\/div><\/div><\/div><\/div><\/div><div class=\"vc_row wpb_row vc_row-fluid\"><div class=\"wpb_column vc_column_container vc_col-sm-6\"><div class=\"vc_column-inner\"><div class=\"wpb_wrapper\">\n\t<div class=\"wpb_text_column wpb_content_element\" >\n\t\t<div class=\"wpb_wrapper\">\n\t\t\t<h4><strong>Desarrollar la excelencia<\/strong><\/h4>\n<p>Coaching is a collaboration at Rocketship. Our team of school leaders provide instructional frameworks, professional development, and real-time coaching for teachers every single week. Just as our teachers invest their time and energy in the growth of their students, we invest our time and energy in the growth of our teachers.<\/p>\n\n\t\t<\/div>\n\t<\/div>\n<\/div><\/div><\/div><div class=\"wpb_column vc_column_container vc_col-sm-6\"><div class=\"vc_column-inner\"><div class=\"wpb_wrapper\"><div class=\"vc_empty_space\"   style=\"height: 50px\"><span class=\"vc_empty_space_inner\"><\/span><\/div>\n\t<div  class=\"wpb_single_image wpb_content_element vc_align_center wpb_content_element  lightbox\">\n\t\t\n\t\t<figure class=\"wpb_wrapper vc_figure\">\n\t\t\t<a href=\"https:\/\/vimeo.com\/995467161?share=copy\" target=\"_self\" class=\"vc_single_image-wrapper   vc_box_border_grey\"><img loading=\"lazy\" decoding=\"async\" width=\"808\" height=\"378\" src=\"https:\/\/www.rocketshipschools.org\/wp-content\/uploads\/2024\/08\/Screenshot-2024-08-07-at-11.36.30\u202fAM.png\" class=\"vc_single_image-img attachment-full\" alt=\"\" title=\"Screenshot 2024-08-07 at 11.36.30\u202fAM\" srcset=\"https:\/\/www.rocketshipschools.org\/wp-content\/uploads\/2024\/08\/Screenshot-2024-08-07-at-11.36.30\u202fAM.png 808w, https:\/\/www.rocketshipschools.org\/wp-content\/uploads\/2024\/08\/Screenshot-2024-08-07-at-11.36.30\u202fAM-300x140.png 300w, https:\/\/www.rocketshipschools.org\/wp-content\/uploads\/2024\/08\/Screenshot-2024-08-07-at-11.36.30\u202fAM-768x359.png 768w\" sizes=\"(max-width: 808px) 100vw, 808px\" \/><\/a>\n\t\t<\/figure>\n\t<\/div>\n<\/div><\/div><\/div><\/div><div class=\"vc_row wpb_row vc_row-fluid\"><div class=\"wpb_column vc_column_container vc_col-sm-12\"><div class=\"vc_column-inner\"><div class=\"wpb_wrapper\"><div class=\"vc_empty_space\"   style=\"height: 40px\"><span class=\"vc_empty_space_inner\"><\/span><\/div><\/div><\/div><\/div><\/div><\/section><section class=\"vc_section\"><div class=\"vc_row wpb_row vc_row-fluid\"><div class=\"wpb_column vc_column_container vc_col-sm-12\"><div class=\"vc_column-inner\"><div class=\"wpb_wrapper\"><div class=\"vc_empty_space\"   style=\"height: 40px\"><span class=\"vc_empty_space_inner\"><\/span><\/div><\/div><\/div><\/div><\/div><div class=\"vc_row wpb_row vc_row-fluid\"><div class=\"wpb_column vc_column_container vc_col-sm-6\"><div class=\"vc_column-inner\"><div class=\"wpb_wrapper\">\n\t<div class=\"wpb_text_column wpb_content_element\" >\n\t\t<div class=\"wpb_wrapper\">\n\t\t\t<h4><strong>Colaboraci\u00f3n con los padres<\/strong><\/h4>\n<p>Si queremos eliminar las diferencias de rendimiento, debemos desarrollar asociaciones s\u00f3lidas entre las familias y las escuelas. Nuestros profesores colaboran estrechamente con los padres para comprender las necesidades espec\u00edficas de cada alumno. De este modo, los padres se implican m\u00e1s en el aprendizaje de sus hijos y se convierten en defensores de la equidad y la excelencia educativas.<\/p>\n\n\t\t<\/div>\n\t<\/div>\n<\/div><\/div><\/div><div class=\"wpb_column vc_column_container vc_col-sm-6\"><div class=\"vc_column-inner\"><div class=\"wpb_wrapper\"><div class=\"vc_empty_space\"   style=\"height: 50px\"><span class=\"vc_empty_space_inner\"><\/span><\/div>\n\t<div  class=\"wpb_single_image wpb_content_element vc_align_center wpb_content_element  lightbox\">\n\t\t\n\t\t<figure class=\"wpb_wrapper vc_figure\">\n\t\t\t<a href=\"https:\/\/vimeo.com\/213894489\" target=\"_self\" class=\"vc_single_image-wrapper   vc_box_border_grey\"><img loading=\"lazy\" decoding=\"async\" width=\"1590\" height=\"671\" src=\"https:\/\/www.rocketshipschools.org\/wp-content\/uploads\/2017\/10\/Vid3.png\" class=\"vc_single_image-img attachment-full\" alt=\"\" title=\"Vid3\" srcset=\"https:\/\/www.rocketshipschools.org\/wp-content\/uploads\/2017\/10\/Vid3.png 1590w, https:\/\/www.rocketshipschools.org\/wp-content\/uploads\/2017\/10\/Vid3-300x127.png 300w, https:\/\/www.rocketshipschools.org\/wp-content\/uploads\/2017\/10\/Vid3-768x324.png 768w, https:\/\/www.rocketshipschools.org\/wp-content\/uploads\/2017\/10\/Vid3-1024x432.png 1024w\" sizes=\"(max-width: 1590px) 100vw, 1590px\" \/><\/a>\n\t\t<\/figure>\n\t<\/div>\n<\/div><\/div><\/div><\/div><div class=\"vc_row wpb_row vc_row-fluid\"><div class=\"wpb_column vc_column_container vc_col-sm-12\"><div class=\"vc_column-inner\"><div class=\"wpb_wrapper\"><div class=\"vc_empty_space\"   style=\"height: 80px\"><span class=\"vc_empty_space_inner\"><\/span><\/div><\/div><\/div><\/div><\/div><\/section>\n<\/div>","protected":false},"excerpt":{"rendered":"Home Take charge School leaders are the backbone of our impact. Our leaders are charged with driving academic achievement, developing exceptional teachers, and building a rigorous and joyful school culture.\u00a0 Are you ready to take your impact to the next level? Apply Now Principal You've proven yourself in the classroom, you demonstrate leadership in your&hellip;","protected":false},"author":5,"featured_media":0,"parent":14700,"menu_order":0,"comment_status":"closed","ping_status":"closed","template":"","meta":{"_acf_changed":false,"content-type":"","footnotes":""},"tips_for_teachers":[],"class_list":["post-14759","page","type-page","status-publish","hentry"],"acf":[],"yoast_head":"<!-- This site is optimized with the Yoast SEO plugin v27.0 - https:\/\/yoast.com\/product\/yoast-seo-wordpress\/ -->\n<title>School Leaders<\/title>\n<meta name=\"robots\" content=\"index, follow, max-snippet:-1, max-image-preview:large, max-video-preview:-1\" \/>\n<link rel=\"canonical\" href=\"https:\/\/www.rocketshipschools.org\/es\/unete-a-nuestro-equipo\/school-leaders\/\" \/>\n<meta property=\"og:locale\" content=\"es_MX\" \/>\n<meta property=\"og:type\" content=\"article\" \/>\n<meta property=\"og:title\" content=\"School Leaders\" \/>\n<meta property=\"og:url\" content=\"https:\/\/www.rocketshipschools.org\/es\/unete-a-nuestro-equipo\/school-leaders\/\" \/>\n<meta property=\"og:site_name\" content=\"Rocketship\" \/>\n<meta property=\"article:modified_time\" content=\"2026-01-15T20:53:27+00:00\" \/>\n<meta property=\"og:image\" content=\"https:\/\/www.rocketshipschools.org\/wp-content\/uploads\/2020\/11\/Screen-Shot-2020-11-18-at-11.42.45-AM-1024x532.png\" \/>\n\t<meta property=\"og:image:width\" content=\"1024\" \/>\n\t<meta property=\"og:image:height\" content=\"532\" \/>\n\t<meta property=\"og:image:type\" content=\"image\/png\" \/>\n<meta name=\"twitter:card\" content=\"summary_large_image\" \/>\n<meta name=\"twitter:label1\" content=\"Tiempo de lectura\" \/>\n\t<meta name=\"twitter:data1\" content=\"3 minutos\" \/>\n<script type=\"application\/ld+json\" class=\"yoast-schema-graph\">{\"@context\":\"https:\/\/schema.org\",\"@graph\":[{\"@type\":\"WebPage\",\"@id\":\"https:\/\/www.rocketshipschools.org\/join-our-team\/school-leaders\/\",\"url\":\"https:\/\/www.rocketshipschools.org\/join-our-team\/school-leaders\/\",\"name\":\"School Leaders\",\"isPartOf\":{\"@id\":\"https:\/\/www.rocketshipschools.org\/#website\"},\"datePublished\":\"2018-09-10T19:48:23+00:00\",\"dateModified\":\"2026-01-15T20:53:27+00:00\",\"breadcrumb\":{\"@id\":\"https:\/\/www.rocketshipschools.org\/join-our-team\/school-leaders\/#breadcrumb\"},\"inLanguage\":\"es\",\"potentialAction\":[{\"@type\":\"ReadAction\",\"target\":[\"https:\/\/www.rocketshipschools.org\/join-our-team\/school-leaders\/\"]}]},{\"@type\":\"BreadcrumbList\",\"@id\":\"https:\/\/www.rocketshipschools.org\/join-our-team\/school-leaders\/#breadcrumb\",\"itemListElement\":[{\"@type\":\"ListItem\",\"position\":1,\"name\":\"Home\",\"item\":\"https:\/\/www.rocketshipschools.org\/\"},{\"@type\":\"ListItem\",\"position\":2,\"name\":\"Join Our Team\",\"item\":\"https:\/\/www.rocketshipschools.org\/join-our-team\/\"},{\"@type\":\"ListItem\",\"position\":3,\"name\":\"School Leaders\"}]},{\"@type\":\"WebSite\",\"@id\":\"https:\/\/www.rocketshipschools.org\/#website\",\"url\":\"https:\/\/www.rocketshipschools.org\/\",\"name\":\"Rocketship\",\"description\":\"We are unleashing potential.\",\"potentialAction\":[{\"@type\":\"SearchAction\",\"target\":{\"@type\":\"EntryPoint\",\"urlTemplate\":\"https:\/\/www.rocketshipschools.org\/?s={search_term_string}\"},\"query-input\":{\"@type\":\"PropertyValueSpecification\",\"valueRequired\":true,\"valueName\":\"search_term_string\"}}],\"inLanguage\":\"es\"}]}<\/script>\n<!-- \/ Yoast SEO plugin. -->","yoast_head_json":{"title":"School Leaders","robots":{"index":"index","follow":"follow","max-snippet":"max-snippet:-1","max-image-preview":"max-image-preview:large","max-video-preview":"max-video-preview:-1"},"canonical":"https:\/\/www.rocketshipschools.org\/es\/unete-a-nuestro-equipo\/school-leaders\/","og_locale":"es_MX","og_type":"article","og_title":"School Leaders","og_url":"https:\/\/www.rocketshipschools.org\/es\/unete-a-nuestro-equipo\/school-leaders\/","og_site_name":"Rocketship","article_modified_time":"2026-01-15T20:53:27+00:00","og_image":[{"width":1024,"height":532,"url":"https:\/\/www.rocketshipschools.org\/wp-content\/uploads\/2020\/11\/Screen-Shot-2020-11-18-at-11.42.45-AM-1024x532.png","type":"image\/png"}],"twitter_card":"summary_large_image","twitter_misc":{"Tiempo de lectura":"3 minutos"},"schema":{"@context":"https:\/\/schema.org","@graph":[{"@type":"WebPage","@id":"https:\/\/www.rocketshipschools.org\/join-our-team\/school-leaders\/","url":"https:\/\/www.rocketshipschools.org\/join-our-team\/school-leaders\/","name":"School Leaders","isPartOf":{"@id":"https:\/\/www.rocketshipschools.org\/#website"},"datePublished":"2018-09-10T19:48:23+00:00","dateModified":"2026-01-15T20:53:27+00:00","breadcrumb":{"@id":"https:\/\/www.rocketshipschools.org\/join-our-team\/school-leaders\/#breadcrumb"},"inLanguage":"es","potentialAction":[{"@type":"ReadAction","target":["https:\/\/www.rocketshipschools.org\/join-our-team\/school-leaders\/"]}]},{"@type":"BreadcrumbList","@id":"https:\/\/www.rocketshipschools.org\/join-our-team\/school-leaders\/#breadcrumb","itemListElement":[{"@type":"ListItem","position":1,"name":"Home","item":"https:\/\/www.rocketshipschools.org\/"},{"@type":"ListItem","position":2,"name":"Join Our Team","item":"https:\/\/www.rocketshipschools.org\/join-our-team\/"},{"@type":"ListItem","position":3,"name":"School Leaders"}]},{"@type":"WebSite","@id":"https:\/\/www.rocketshipschools.org\/#website","url":"https:\/\/www.rocketshipschools.org\/","name":"Rocketship","description":"We are unleashing potential.","potentialAction":[{"@type":"SearchAction","target":{"@type":"EntryPoint","urlTemplate":"https:\/\/www.rocketshipschools.org\/?s={search_term_string}"},"query-input":{"@type":"PropertyValueSpecification","valueRequired":true,"valueName":"search_term_string"}}],"inLanguage":"es"}]}},"_links":{"self":[{"href":"https:\/\/www.rocketshipschools.org\/es\/wp-json\/wp\/v2\/pages\/14759"}],"collection":[{"href":"https:\/\/www.rocketshipschools.org\/es\/wp-json\/wp\/v2\/pages"}],"about":[{"href":"https:\/\/www.rocketshipschools.org\/es\/wp-json\/wp\/v2\/types\/page"}],"author":[{"embeddable":true,"href":"https:\/\/www.rocketshipschools.org\/es\/wp-json\/wp\/v2\/users\/5"}],"replies":[{"embeddable":true,"href":"https:\/\/www.rocketshipschools.org\/es\/wp-json\/wp\/v2\/comments?post=14759"}],"version-history":[{"count":0,"href":"https:\/\/www.rocketshipschools.org\/es\/wp-json\/wp\/v2\/pages\/14759\/revisions"}],"up":[{"embeddable":true,"href":"https:\/\/www.rocketshipschools.org\/es\/wp-json\/wp\/v2\/pages\/14700"}],"wp:attachment":[{"href":"https:\/\/www.rocketshipschools.org\/es\/wp-json\/wp\/v2\/media?parent=14759"}],"wp:term":[{"taxonomy":"tips_for_teachers","embeddable":true,"href":"https:\/\/www.rocketshipschools.org\/es\/wp-json\/wp\/v2\/tips_for_teachers?post=14759"}],"curies":[{"name":"wp","href":"https:\/\/api.w.org\/{rel}","templated":true}]}}