 {"id":16981,"date":"2020-04-01T18:35:49","date_gmt":"2020-04-01T18:35:49","guid":{"rendered":"https:\/\/www.rocketshipschools.org\/?page_id=16981"},"modified":"2022-08-08T20:36:38","modified_gmt":"2022-08-08T20:36:38","slug":"student-google-classroom-tutorial","status":"publish","type":"page","link":"https:\/\/www.rocketshipschools.org\/es\/distance-learning\/technology\/student-google-classroom-tutorial\/","title":{"rendered":"Tutorial para profesores: C\u00f3mo crear lecciones en Google Classroom"},"content":{"rendered":"<div class=\"wpb-content-wrapper\"><div class=\"vc_row wpb_row vc_row-fluid\"><div class=\"wpb_column vc_column_container vc_col-sm-12\"><div class=\"vc_column-inner\"><div class=\"wpb_wrapper\">\n\t<div class=\"wpb_text_column wpb_content_element\" >\n\t\t<div class=\"wpb_wrapper\">\n\t\t\t<span><span><a href=\"https:\/\/www.rocketshipschools.org\/es\/\">Inicio<\/a><\/span><\/span>\n\n\t\t<\/div>\n\t<\/div>\n<div class=\"vc_empty_space\"   style=\"height: 32px\"><span class=\"vc_empty_space_inner\"><\/span><\/div><\/div><\/div><\/div><\/div><div class=\"vc_row wpb_row vc_row-fluid\"><div class=\"wpb_column vc_column_container vc_col-sm-6\"><div class=\"vc_column-inner\"><div class=\"wpb_wrapper\"><div class=\"vc_empty_space\"   style=\"height: 32px\"><span class=\"vc_empty_space_inner\"><\/span><\/div><div class=\"vc_empty_space\"   style=\"height: 32px\"><span class=\"vc_empty_space_inner\"><\/span><\/div><div class=\"vc_empty_space\"   style=\"height: 32px\"><span class=\"vc_empty_space_inner\"><\/span><\/div><div class=\"vc_empty_space\"   style=\"height: 32px\"><span class=\"vc_empty_space_inner\"><\/span><\/div><div class=\"vc_empty_space\"   style=\"height: 32px\"><span class=\"vc_empty_space_inner\"><\/span><\/div>\n\t<div class=\"wpb_text_column wpb_content_element\" >\n\t\t<div class=\"wpb_wrapper\">\n\t\t\t<div>\n<h3>Tutorial para profesores: Creando clases en Google Classroom<\/h3>\n<\/div>\n<div>\n<div class=\"_1cCXb sc-esjQYD lhbvuM\">\n<div class=\"_1DKxU sc-kIPQKe egqgNj\">\n<div class=\"_wMel\" dir=\"auto\" data-description-content=\"true\">\n<p class=\"first\">En este tutorial, Jordan Blanton, Directora Asociada de Humanidades de Rocketship, ayuda a los maestros a aprender c\u00f3mo crear y subir una lecci\u00f3n de fon\u00e9tica usando Google Classroom.<\/p>\n<\/div>\n<\/div>\n<\/div>\n<\/div>\n<div><\/div>\n\n\t\t<\/div>\n\t<\/div>\n<\/div><\/div><\/div><div class=\"wpb_column vc_column_container vc_col-sm-6\"><div class=\"vc_column-inner\"><div class=\"wpb_wrapper\"><div class=\"vc_empty_space\"   style=\"height: 32px\"><span class=\"vc_empty_space_inner\"><\/span><\/div><div class=\"vc_empty_space\"   style=\"height: 32px\"><span class=\"vc_empty_space_inner\"><\/span><\/div>\n\t<div class=\"wpb_text_column wpb_content_element\" >\n\t\t<div class=\"wpb_wrapper\">\n\t\t\t<h4 style=\"text-align: left;\">Mira la lecci\u00f3n en video<\/h4>\n\n\t\t<\/div>\n\t<\/div>\n\n\t<div class=\"wpb_video_widget wpb_content_element vc_clearfix   vc_video-aspect-ratio-169 vc_video-el-width-90 vc_video-align-left\" >\n\t\t<div class=\"wpb_wrapper\">\n\t\t\t\n\t\t\t<div class=\"wpb_video_wrapper\"><iframe loading=\"lazy\" title=\"C\u00f3mo crear y subir un video de fon\u00e9tica\" src=\"https:\/\/player.vimeo.com\/video\/401465472?dnt=1&amp;app_id=122963\" width=\"500\" height=\"281\" frameborder=\"0\" allow=\"autoplay; fullscreen; picture-in-picture; clipboard-write\"><\/iframe><\/div>\n\t\t<\/div>\n\t<\/div>\n<\/div><\/div><\/div><\/div>\n<\/div>","protected":false},"excerpt":{"rendered":"Home Teacher Tutorial: Creating Lessons in Google Classroom In this tutorial, Rocketship\u2019s Associate Director of Humanities, Jordan Blanton, helps teachers learn how to create and upload a phonics lesson using Google Classroom. Watch the Video Lesson","protected":false},"author":17,"featured_media":0,"parent":16809,"menu_order":0,"comment_status":"closed","ping_status":"closed","template":"","meta":{"_acf_changed":false,"content-type":"","footnotes":""},"tips_for_teachers":[],"class_list":["post-16981","page","type-page","status-publish","hentry"],"acf":[],"yoast_head":"<!-- This site is optimized with the Yoast SEO plugin v27.0 - https:\/\/yoast.com\/product\/yoast-seo-wordpress\/ -->\n<title>Teacher Tutorial: How to Create Lessons in Google Classroom<\/title>\n<meta name=\"robots\" content=\"index, follow, max-snippet:-1, max-image-preview:large, max-video-preview:-1\" \/>\n<link rel=\"canonical\" href=\"https:\/\/www.rocketshipschools.org\/es\/distance-learning\/technology\/student-google-classroom-tutorial\/\" \/>\n<meta property=\"og:locale\" content=\"es_MX\" \/>\n<meta property=\"og:type\" content=\"article\" \/>\n<meta property=\"og:title\" content=\"Teacher Tutorial: How to Create Lessons in Google Classroom\" \/>\n<meta property=\"og:url\" content=\"https:\/\/www.rocketshipschools.org\/es\/distance-learning\/technology\/student-google-classroom-tutorial\/\" \/>\n<meta property=\"og:site_name\" content=\"Rocketship\" \/>\n<meta property=\"article:modified_time\" content=\"2022-08-08T20:36:38+00:00\" \/>\n<meta name=\"twitter:card\" content=\"summary_large_image\" \/>\n<meta name=\"twitter:label1\" content=\"Tiempo de lectura\" \/>\n\t<meta name=\"twitter:data1\" content=\"1 minuto\" \/>\n<script type=\"application\/ld+json\" class=\"yoast-schema-graph\">{\"@context\":\"https:\/\/schema.org\",\"@graph\":[{\"@type\":\"WebPage\",\"@id\":\"https:\/\/www.rocketshipschools.org\/distance-learning\/technology\/student-google-classroom-tutorial\/\",\"url\":\"https:\/\/www.rocketshipschools.org\/distance-learning\/technology\/student-google-classroom-tutorial\/\",\"name\":\"Teacher Tutorial: How to Create Lessons in Google Classroom\",\"isPartOf\":{\"@id\":\"https:\/\/www.rocketshipschools.org\/#website\"},\"datePublished\":\"2020-04-01T18:35:49+00:00\",\"dateModified\":\"2022-08-08T20:36:38+00:00\",\"breadcrumb\":{\"@id\":\"https:\/\/www.rocketshipschools.org\/distance-learning\/technology\/student-google-classroom-tutorial\/#breadcrumb\"},\"inLanguage\":\"es\",\"potentialAction\":[{\"@type\":\"ReadAction\",\"target\":[\"https:\/\/www.rocketshipschools.org\/distance-learning\/technology\/student-google-classroom-tutorial\/\"]}]},{\"@type\":\"BreadcrumbList\",\"@id\":\"https:\/\/www.rocketshipschools.org\/distance-learning\/technology\/student-google-classroom-tutorial\/#breadcrumb\",\"itemListElement\":[{\"@type\":\"ListItem\",\"position\":1,\"name\":\"Home\",\"item\":\"https:\/\/www.rocketshipschools.org\/\"},{\"@type\":\"ListItem\",\"position\":2,\"name\":\"Distance Learning Launchpad\",\"item\":\"https:\/\/www.rocketshipschools.org\/distance-learning\/\"},{\"@type\":\"ListItem\",\"position\":3,\"name\":\"Technology\",\"item\":\"https:\/\/www.rocketshipschools.org\/distance-learning\/technology\/\"},{\"@type\":\"ListItem\",\"position\":4,\"name\":\"Teacher Tutorial: How to Create Lessons in Google Classroom\"}]},{\"@type\":\"WebSite\",\"@id\":\"https:\/\/www.rocketshipschools.org\/#website\",\"url\":\"https:\/\/www.rocketshipschools.org\/\",\"name\":\"Rocketship\",\"description\":\"We are unleashing potential.\",\"potentialAction\":[{\"@type\":\"SearchAction\",\"target\":{\"@type\":\"EntryPoint\",\"urlTemplate\":\"https:\/\/www.rocketshipschools.org\/?s={search_term_string}\"},\"query-input\":{\"@type\":\"PropertyValueSpecification\",\"valueRequired\":true,\"valueName\":\"search_term_string\"}}],\"inLanguage\":\"es\"}]}<\/script>\n<!-- \/ Yoast SEO plugin. -->","yoast_head_json":{"title":"Teacher Tutorial: How to Create Lessons in Google Classroom","robots":{"index":"index","follow":"follow","max-snippet":"max-snippet:-1","max-image-preview":"max-image-preview:large","max-video-preview":"max-video-preview:-1"},"canonical":"https:\/\/www.rocketshipschools.org\/es\/distance-learning\/technology\/student-google-classroom-tutorial\/","og_locale":"es_MX","og_type":"article","og_title":"Teacher Tutorial: How to Create Lessons in Google Classroom","og_url":"https:\/\/www.rocketshipschools.org\/es\/distance-learning\/technology\/student-google-classroom-tutorial\/","og_site_name":"Rocketship","article_modified_time":"2022-08-08T20:36:38+00:00","twitter_card":"summary_large_image","twitter_misc":{"Tiempo de lectura":"1 minuto"},"schema":{"@context":"https:\/\/schema.org","@graph":[{"@type":"WebPage","@id":"https:\/\/www.rocketshipschools.org\/distance-learning\/technology\/student-google-classroom-tutorial\/","url":"https:\/\/www.rocketshipschools.org\/distance-learning\/technology\/student-google-classroom-tutorial\/","name":"Teacher Tutorial: How to Create Lessons in Google Classroom","isPartOf":{"@id":"https:\/\/www.rocketshipschools.org\/#website"},"datePublished":"2020-04-01T18:35:49+00:00","dateModified":"2022-08-08T20:36:38+00:00","breadcrumb":{"@id":"https:\/\/www.rocketshipschools.org\/distance-learning\/technology\/student-google-classroom-tutorial\/#breadcrumb"},"inLanguage":"es","potentialAction":[{"@type":"ReadAction","target":["https:\/\/www.rocketshipschools.org\/distance-learning\/technology\/student-google-classroom-tutorial\/"]}]},{"@type":"BreadcrumbList","@id":"https:\/\/www.rocketshipschools.org\/distance-learning\/technology\/student-google-classroom-tutorial\/#breadcrumb","itemListElement":[{"@type":"ListItem","position":1,"name":"Home","item":"https:\/\/www.rocketshipschools.org\/"},{"@type":"ListItem","position":2,"name":"Distance Learning Launchpad","item":"https:\/\/www.rocketshipschools.org\/distance-learning\/"},{"@type":"ListItem","position":3,"name":"Technology","item":"https:\/\/www.rocketshipschools.org\/distance-learning\/technology\/"},{"@type":"ListItem","position":4,"name":"Teacher Tutorial: How to Create Lessons in Google Classroom"}]},{"@type":"WebSite","@id":"https:\/\/www.rocketshipschools.org\/#website","url":"https:\/\/www.rocketshipschools.org\/","name":"Rocketship","description":"We are unleashing potential.","potentialAction":[{"@type":"SearchAction","target":{"@type":"EntryPoint","urlTemplate":"https:\/\/www.rocketshipschools.org\/?s={search_term_string}"},"query-input":{"@type":"PropertyValueSpecification","valueRequired":true,"valueName":"search_term_string"}}],"inLanguage":"es"}]}},"_links":{"self":[{"href":"https:\/\/www.rocketshipschools.org\/es\/wp-json\/wp\/v2\/pages\/16981"}],"collection":[{"href":"https:\/\/www.rocketshipschools.org\/es\/wp-json\/wp\/v2\/pages"}],"about":[{"href":"https:\/\/www.rocketshipschools.org\/es\/wp-json\/wp\/v2\/types\/page"}],"author":[{"embeddable":true,"href":"https:\/\/www.rocketshipschools.org\/es\/wp-json\/wp\/v2\/users\/17"}],"replies":[{"embeddable":true,"href":"https:\/\/www.rocketshipschools.org\/es\/wp-json\/wp\/v2\/comments?post=16981"}],"version-history":[{"count":0,"href":"https:\/\/www.rocketshipschools.org\/es\/wp-json\/wp\/v2\/pages\/16981\/revisions"}],"up":[{"embeddable":true,"href":"https:\/\/www.rocketshipschools.org\/es\/wp-json\/wp\/v2\/pages\/16809"}],"wp:attachment":[{"href":"https:\/\/www.rocketshipschools.org\/es\/wp-json\/wp\/v2\/media?parent=16981"}],"wp:term":[{"taxonomy":"tips_for_teachers","embeddable":true,"href":"https:\/\/www.rocketshipschools.org\/es\/wp-json\/wp\/v2\/tips_for_teachers?post=16981"}],"curies":[{"name":"wp","href":"https:\/\/api.w.org\/{rel}","templated":true}]}}