 {"id":17488,"date":"2020-05-13T00:05:50","date_gmt":"2020-05-13T00:05:50","guid":{"rendered":"https:\/\/www.rocketshipschools.org\/?page_id=17488"},"modified":"2024-08-06T19:34:40","modified_gmt":"2024-08-06T19:34:40","slug":"kindergarten-schoolday","status":"publish","type":"page","link":"https:\/\/www.rocketshipschools.org\/es\/distance-learning\/kinder-readiness-kit\/kindergarten-schoolday\/","title":{"rendered":"K\u00ednder en Rocketship"},"content":{"rendered":"<div class=\"wpb-content-wrapper\"><div class=\"vc_row wpb_row vc_row-fluid\"><div class=\"wpb_column vc_column_container vc_col-sm-12\"><div class=\"vc_column-inner\"><div class=\"wpb_wrapper\"><div class=\"vc_empty_space\"   style=\"height: 32px\"><span class=\"vc_empty_space_inner\"><\/span><\/div>\n\t<div class=\"wpb_text_column wpb_content_element\" >\n\t\t<div class=\"wpb_wrapper\">\n\t\t\t<span><span><a href=\"https:\/\/www.rocketshipschools.org\/es\/\">Inicio<\/a><\/span><\/span>\n\n\t\t<\/div>\n\t<\/div>\n<\/div><\/div><\/div><\/div><div class=\"vc_row wpb_row vc_row-fluid\"><div class=\"wpb_column vc_column_container vc_col-sm-6\"><div class=\"vc_column-inner\"><div class=\"wpb_wrapper\"><div class=\"vc_empty_space\"   style=\"height: 32px\"><span class=\"vc_empty_space_inner\"><\/span><\/div>\n\t<div class=\"wpb_text_column wpb_content_element\" >\n\t\t<div class=\"wpb_wrapper\">\n\t\t\t<h3>Un d\u00eda en la vida de jard\u00edn de infantes en Rocketship<\/h3>\n<p>\u00bfTienes curiosidad por saber c\u00f3mo es ser un estudiante de k\u00ednder en Rocketship Public Schools? Bueno, la Sra. Pupillo te llevar\u00e1 en un recorrido virtual por todas las partes clave de nuestro d\u00eda escolar.<\/p>\n<p>Despu\u00e9s de que eches un vistazo, quiz\u00e1s quieras ponerte en contacto con uno de los miembros de nuestro equipo para obtener m\u00e1s informaci\u00f3n o para inscribirte. Tenemos colegios en <a href=\"https:\/\/www.rocketshipschools.org\/es\/zona\/nashville\/\" target=\"_blank\" rel=\"noopener noreferrer\">Nashville<\/a>, <a href=\"https:\/\/www.rocketshipschools.org\/es\/zona\/milwaukee\/\" target=\"_blank\" rel=\"noopener noreferrer\">Milwaukee<\/a>, <a href=\"https:\/\/www.rocketshipschools.org\/es\/zona\/washington-dc\/\" target=\"_blank\" rel=\"noopener noreferrer\">Washington D.C.<\/a>y, el <a href=\"https:\/\/www.rocketshipschools.org\/es\/escuelas\/academia-unida\/\" target=\"_blank\" rel=\"noopener noreferrer\">\u00c1rea de la Bah\u00eda<\/a> en California. Puedes encontrar una escuela cerca de ti <a href=\"https:\/\/www.rocketshipschools.org\/es\/encuentra-tu-escuela\/\" target=\"_blank\" rel=\"noopener noreferrer\">\u00a1Aqu\u00ed!<\/a><\/p>\n\n\t\t<\/div>\n\t<\/div>\n<div class=\"vc_empty_space\"   style=\"height: 32px\"><span class=\"vc_empty_space_inner\"><\/span><\/div><\/div><\/div><\/div><div class=\"wpb_column vc_column_container vc_col-sm-6\"><div class=\"vc_column-inner\"><div class=\"wpb_wrapper\"><div class=\"vc_empty_space\"   style=\"height: 32px\"><span class=\"vc_empty_space_inner\"><\/span><\/div><div class=\"vc_empty_space\"   style=\"height: 32px\"><span class=\"vc_empty_space_inner\"><\/span><\/div><div class=\"vc_empty_space\"   style=\"height: 32px\"><span class=\"vc_empty_space_inner\"><\/span><\/div>\n\t<div class=\"wpb_video_widget wpb_content_element vc_clearfix   vc_video-aspect-ratio-169 vc_video-el-width-100 vc_video-align-left\" >\n\t\t<div class=\"wpb_wrapper\">\n\t\t\t\n\t\t\t<div class=\"wpb_video_wrapper\"><iframe loading=\"lazy\" title=\"Preparaci\u00f3n para el jard\u00edn de infantes: Un d\u00eda t\u00edpico en Rocketship\" width=\"500\" height=\"281\" src=\"https:\/\/www.youtube.com\/embed\/YHP4D3hJJ_A?feature=oembed\" frameborder=\"0\" allow=\"accelerometer; autoplay; clipboard-write; encrypted-media; gyroscope; picture-in-picture; web-share\" referrerpolicy=\"strict-origin-when-cross-origin\" allowfullscreen><\/iframe><\/div>\n\t\t<\/div>\n\t<\/div>\n<\/div><\/div><\/div><\/div><div class=\"vc_row wpb_row vc_row-fluid\"><div class=\"wpb_column vc_column_container vc_col-sm-12\"><div class=\"vc_column-inner\"><div class=\"wpb_wrapper\">\n\t<div class=\"wpb_text_column wpb_content_element\" >\n\t\t<div class=\"wpb_wrapper\">\n\t\t\t\n\t\t<\/div>\n\t<\/div>\n<\/div><\/div><\/div><\/div>\n<\/div>","protected":false},"excerpt":{"rendered":"Home A Day in the Life of Kindergarten at Rocketship Are you curious what it's like to be a Kindergartener at Rocketship Public Schools? Well, Ms. Pupillo is going to take you on a virtual tour of all the key parts of our school day. After you take a look, you may want to connect&hellip;","protected":false},"author":17,"featured_media":0,"parent":17390,"menu_order":0,"comment_status":"closed","ping_status":"closed","template":"","meta":{"_acf_changed":false,"content-type":"","footnotes":""},"tips_for_teachers":[],"class_list":["post-17488","page","type-page","status-publish","hentry"],"acf":[],"yoast_head":"<!-- This site is optimized with the Yoast SEO plugin v27.0 - https:\/\/yoast.com\/product\/yoast-seo-wordpress\/ -->\n<title>Kinder-Readiness: How to Get Dressed<\/title>\n<meta name=\"robots\" content=\"index, follow, max-snippet:-1, max-image-preview:large, max-video-preview:-1\" \/>\n<link rel=\"canonical\" href=\"https:\/\/www.rocketshipschools.org\/es\/distance-learning\/kinder-readiness-kit\/kindergarten-schoolday\/\" \/>\n<meta property=\"og:locale\" content=\"es_MX\" \/>\n<meta property=\"og:type\" content=\"article\" \/>\n<meta property=\"og:title\" content=\"Kinder-Readiness: How to Get Dressed\" \/>\n<meta property=\"og:url\" content=\"https:\/\/www.rocketshipschools.org\/es\/distance-learning\/kinder-readiness-kit\/kindergarten-schoolday\/\" \/>\n<meta property=\"og:site_name\" content=\"Rocketship\" \/>\n<meta property=\"article:modified_time\" content=\"2024-08-06T19:34:40+00:00\" \/>\n<meta name=\"twitter:card\" content=\"summary_large_image\" \/>\n<meta name=\"twitter:label1\" content=\"Tiempo de lectura\" \/>\n\t<meta name=\"twitter:data1\" content=\"1 minuto\" \/>\n<script type=\"application\/ld+json\" class=\"yoast-schema-graph\">{\"@context\":\"https:\/\/schema.org\",\"@graph\":[{\"@type\":\"WebPage\",\"@id\":\"https:\/\/www.rocketshipschools.org\/distance-learning\/kinder-readiness-kit\/kindergarten-schoolday\/\",\"url\":\"https:\/\/www.rocketshipschools.org\/distance-learning\/kinder-readiness-kit\/kindergarten-schoolday\/\",\"name\":\"Kinder-Readiness: How to Get Dressed\",\"isPartOf\":{\"@id\":\"https:\/\/www.rocketshipschools.org\/#website\"},\"datePublished\":\"2020-05-13T00:05:50+00:00\",\"dateModified\":\"2024-08-06T19:34:40+00:00\",\"breadcrumb\":{\"@id\":\"https:\/\/www.rocketshipschools.org\/distance-learning\/kinder-readiness-kit\/kindergarten-schoolday\/#breadcrumb\"},\"inLanguage\":\"es\",\"potentialAction\":[{\"@type\":\"ReadAction\",\"target\":[\"https:\/\/www.rocketshipschools.org\/distance-learning\/kinder-readiness-kit\/kindergarten-schoolday\/\"]}]},{\"@type\":\"BreadcrumbList\",\"@id\":\"https:\/\/www.rocketshipschools.org\/distance-learning\/kinder-readiness-kit\/kindergarten-schoolday\/#breadcrumb\",\"itemListElement\":[{\"@type\":\"ListItem\",\"position\":1,\"name\":\"Home\",\"item\":\"https:\/\/www.rocketshipschools.org\/\"},{\"@type\":\"ListItem\",\"position\":2,\"name\":\"Distance Learning Launchpad\",\"item\":\"https:\/\/www.rocketshipschools.org\/distance-learning\/\"},{\"@type\":\"ListItem\",\"position\":3,\"name\":\"Kinder Readiness Kit\",\"item\":\"https:\/\/www.rocketshipschools.org\/distance-learning\/kinder-readiness-kit\/\"},{\"@type\":\"ListItem\",\"position\":4,\"name\":\"Kindergarten at Rocketship\"}]},{\"@type\":\"WebSite\",\"@id\":\"https:\/\/www.rocketshipschools.org\/#website\",\"url\":\"https:\/\/www.rocketshipschools.org\/\",\"name\":\"Rocketship\",\"description\":\"We are unleashing potential.\",\"potentialAction\":[{\"@type\":\"SearchAction\",\"target\":{\"@type\":\"EntryPoint\",\"urlTemplate\":\"https:\/\/www.rocketshipschools.org\/?s={search_term_string}\"},\"query-input\":{\"@type\":\"PropertyValueSpecification\",\"valueRequired\":true,\"valueName\":\"search_term_string\"}}],\"inLanguage\":\"es\"}]}<\/script>\n<!-- \/ Yoast SEO plugin. -->","yoast_head_json":{"title":"Kinder-Readiness: How to Get Dressed","robots":{"index":"index","follow":"follow","max-snippet":"max-snippet:-1","max-image-preview":"max-image-preview:large","max-video-preview":"max-video-preview:-1"},"canonical":"https:\/\/www.rocketshipschools.org\/es\/distance-learning\/kinder-readiness-kit\/kindergarten-schoolday\/","og_locale":"es_MX","og_type":"article","og_title":"Kinder-Readiness: How to Get Dressed","og_url":"https:\/\/www.rocketshipschools.org\/es\/distance-learning\/kinder-readiness-kit\/kindergarten-schoolday\/","og_site_name":"Rocketship","article_modified_time":"2024-08-06T19:34:40+00:00","twitter_card":"summary_large_image","twitter_misc":{"Tiempo de lectura":"1 minuto"},"schema":{"@context":"https:\/\/schema.org","@graph":[{"@type":"WebPage","@id":"https:\/\/www.rocketshipschools.org\/distance-learning\/kinder-readiness-kit\/kindergarten-schoolday\/","url":"https:\/\/www.rocketshipschools.org\/distance-learning\/kinder-readiness-kit\/kindergarten-schoolday\/","name":"Kinder-Readiness: How to Get Dressed","isPartOf":{"@id":"https:\/\/www.rocketshipschools.org\/#website"},"datePublished":"2020-05-13T00:05:50+00:00","dateModified":"2024-08-06T19:34:40+00:00","breadcrumb":{"@id":"https:\/\/www.rocketshipschools.org\/distance-learning\/kinder-readiness-kit\/kindergarten-schoolday\/#breadcrumb"},"inLanguage":"es","potentialAction":[{"@type":"ReadAction","target":["https:\/\/www.rocketshipschools.org\/distance-learning\/kinder-readiness-kit\/kindergarten-schoolday\/"]}]},{"@type":"BreadcrumbList","@id":"https:\/\/www.rocketshipschools.org\/distance-learning\/kinder-readiness-kit\/kindergarten-schoolday\/#breadcrumb","itemListElement":[{"@type":"ListItem","position":1,"name":"Home","item":"https:\/\/www.rocketshipschools.org\/"},{"@type":"ListItem","position":2,"name":"Distance Learning Launchpad","item":"https:\/\/www.rocketshipschools.org\/distance-learning\/"},{"@type":"ListItem","position":3,"name":"Kinder Readiness Kit","item":"https:\/\/www.rocketshipschools.org\/distance-learning\/kinder-readiness-kit\/"},{"@type":"ListItem","position":4,"name":"Kindergarten at Rocketship"}]},{"@type":"WebSite","@id":"https:\/\/www.rocketshipschools.org\/#website","url":"https:\/\/www.rocketshipschools.org\/","name":"Rocketship","description":"We are unleashing potential.","potentialAction":[{"@type":"SearchAction","target":{"@type":"EntryPoint","urlTemplate":"https:\/\/www.rocketshipschools.org\/?s={search_term_string}"},"query-input":{"@type":"PropertyValueSpecification","valueRequired":true,"valueName":"search_term_string"}}],"inLanguage":"es"}]}},"_links":{"self":[{"href":"https:\/\/www.rocketshipschools.org\/es\/wp-json\/wp\/v2\/pages\/17488"}],"collection":[{"href":"https:\/\/www.rocketshipschools.org\/es\/wp-json\/wp\/v2\/pages"}],"about":[{"href":"https:\/\/www.rocketshipschools.org\/es\/wp-json\/wp\/v2\/types\/page"}],"author":[{"embeddable":true,"href":"https:\/\/www.rocketshipschools.org\/es\/wp-json\/wp\/v2\/users\/17"}],"replies":[{"embeddable":true,"href":"https:\/\/www.rocketshipschools.org\/es\/wp-json\/wp\/v2\/comments?post=17488"}],"version-history":[{"count":0,"href":"https:\/\/www.rocketshipschools.org\/es\/wp-json\/wp\/v2\/pages\/17488\/revisions"}],"up":[{"embeddable":true,"href":"https:\/\/www.rocketshipschools.org\/es\/wp-json\/wp\/v2\/pages\/17390"}],"wp:attachment":[{"href":"https:\/\/www.rocketshipschools.org\/es\/wp-json\/wp\/v2\/media?parent=17488"}],"wp:term":[{"taxonomy":"tips_for_teachers","embeddable":true,"href":"https:\/\/www.rocketshipschools.org\/es\/wp-json\/wp\/v2\/tips_for_teachers?post=17488"}],"curies":[{"name":"wp","href":"https:\/\/api.w.org\/{rel}","templated":true}]}}