 {"id":23675,"date":"2023-12-14T23:06:21","date_gmt":"2023-12-14T23:06:21","guid":{"rendered":"https:\/\/www.rocketshipschools.org\/?page_id=23675"},"modified":"2025-05-23T19:25:16","modified_gmt":"2025-05-23T19:25:16","slug":"beneficios","status":"publish","type":"page","link":"https:\/\/www.rocketshipschools.org\/es\/unete-a-nuestro-equipo\/beneficios\/","title":{"rendered":"Beneficios"},"content":{"rendered":"<div class=\"wpb-content-wrapper\"><div class=\"vc_row wpb_row vc_row-fluid\"><div class=\"wpb_column vc_column_container vc_col-sm-12\"><div class=\"vc_column-inner\"><div class=\"wpb_wrapper\"><div class=\"vc_empty_space\"   style=\"height: 32px\"><span class=\"vc_empty_space_inner\"><\/span><\/div><div class=\"vc_empty_space\"   style=\"height: 32px\"><span class=\"vc_empty_space_inner\"><\/span><\/div>\n\t<div class=\"wpb_text_column wpb_content_element\" >\n\t\t<div class=\"wpb_wrapper\">\n\t\t\t<span><span><a href=\"https:\/\/www.rocketshipschools.org\/es\/\">Inicio<\/a><\/span><\/span>\n\n\t\t<\/div>\n\t<\/div>\n<\/div><\/div><\/div><\/div><div class=\"vc_row wpb_row vc_row-fluid\"><div class=\"wpb_column vc_column_container vc_col-sm-12\"><div class=\"vc_column-inner\"><div class=\"wpb_wrapper\">\n\t<div class=\"wpb_text_column wpb_content_element\" >\n\t\t<div class=\"wpb_wrapper\">\n\t\t\t<h3 style=\"text-align: center;\">Beneficios<\/h3>\n\n\t\t<\/div>\n\t<\/div>\n<\/div><\/div><\/div><\/div><div class=\"vc_row wpb_row vc_row-fluid\"><div class=\"wpb_column vc_column_container vc_col-sm-12\"><div class=\"vc_column-inner\"><div class=\"wpb_wrapper\">\n\t<div class=\"wpb_text_column wpb_content_element\" >\n\t\t<div class=\"wpb_wrapper\">\n\t\t\t<p style=\"text-align: center;\">Descubra las ventajas de formar parte de nuestro equipo. Desde planes de salud integrales hasta oportunidades de desarrollo profesional, nuestros beneficios est\u00e1n dise\u00f1ados para mejorar el bienestar de los empleados. Explore las ventajas que conlleva unirse al equipo de las Escuelas P\u00fablicas Rocketship:<\/p>\n\n\t\t<\/div>\n\t<\/div>\n<\/div><\/div><\/div><\/div><div class=\"vc_row wpb_row vc_row-fluid\"><div class=\"wpb_column vc_column_container vc_col-sm-12\"><div class=\"vc_column-inner\"><div class=\"wpb_wrapper\">\n\t<div class=\"wpb_text_column wpb_content_element\" >\n\t\t<div class=\"wpb_wrapper\">\n\t\t\t<h2 style=\"text-align: center;\"><strong>Nacional, CA, WI, TN y DC<\/strong><\/h2>\n\n\t\t<\/div>\n\t<\/div>\n\n\t<div class=\"wpb_text_column wpb_content_element\" >\n\t\t<div class=\"wpb_wrapper\">\n\t\t\t<p style=\"text-align: center;\"><strong>Seguro:<br \/>\n<\/strong>Prestaciones m\u00e9dicas, dentales y oftalmol\u00f3gicas<br \/>\nSeguro de vida b\u00e1sico y voluntario y AD&amp;D<br \/>\nPlanes de invalidez a corto y largo plazo<br \/>\nCuenta de gastos flexibles (FSA) para asistencia sanitaria, dependientes y fines limitados<\/p>\n<p style=\"text-align: center;\"><strong>Trabajo\/Vida:<\/strong><br \/>\nPrograma de Asistencia al Empleado (PAE)<br \/>\nVentajas para los viajeros<br \/>\nCuidado.com<br \/>\nPerkSpot<\/p>\n<p style=\"text-align: center;\"><strong>Jubilaci\u00f3n:<\/strong><br \/>\n403(b)<\/p>\n\n\t\t<\/div>\n\t<\/div>\n<div class=\"vc_btn3-container vc_btn3-center vc_do_btn\" ><a class=\"vc_general vc_btn3 vc_btn3-size-md vc_btn3-shape-rounded vc_btn3-style-modern vc_btn3-color-primary\" href=\"https:\/\/www.rocketshipschools.org\/wp-content\/uploads\/2023\/12\/2023-Rocketship-Education-Benefits-Highlights.pdf\" title=\"\">M\u00e1s informaci\u00f3n<\/a><\/div><\/div><\/div><\/div><\/div><div class=\"vc_row wpb_row vc_row-fluid\"><div class=\"wpb_column vc_column_container vc_col-sm-12\"><div class=\"vc_column-inner\"><div class=\"wpb_wrapper\"><div class=\"vc_empty_space\"   style=\"height: 32px\"><span class=\"vc_empty_space_inner\"><\/span><\/div>\n\t<div class=\"wpb_video_widget wpb_content_element vc_clearfix   vc_video-aspect-ratio-169 vc_video-el-width-100 vc_video-align-left\" >\n\t\t<div class=\"wpb_wrapper\">\n\t\t\t\n\t\t\t<div class=\"wpb_video_wrapper\"><iframe loading=\"lazy\" title=\"Es un trabajo duro, pero merece la pena\" src=\"https:\/\/player.vimeo.com\/video\/249855255?dnt=1&amp;app_id=122963\" width=\"500\" height=\"281\" frameborder=\"0\" allow=\"autoplay; fullscreen; picture-in-picture; clipboard-write\"><\/iframe><\/div>\n\t\t<\/div>\n\t<\/div>\n<\/div><\/div><\/div><\/div><div class=\"vc_row wpb_row vc_row-fluid\"><div class=\"wpb_column vc_column_container vc_col-sm-12\"><div class=\"vc_column-inner\"><div class=\"wpb_wrapper\"><div class=\"vc_separator wpb_content_element vc_separator_align_center vc_sep_width_100 vc_sep_pos_align_center vc_separator_no_text vc_sep_color_turquoise wpb_content_element  wpb_content_element\" ><span class=\"vc_sep_holder vc_sep_holder_l\"><span class=\"vc_sep_line\"><\/span><\/span><span class=\"vc_sep_holder vc_sep_holder_r\"><span class=\"vc_sep_line\"><\/span><\/span>\n<\/div><\/div><\/div><\/div><\/div>\n<\/div>","protected":false},"excerpt":{"rendered":"Home Benefits Discover the perks of being part of our team. From comprehensive health plans to professional development opportunities, our benefits are designed to enhance employee well-being. Explore the advantages that come with joining the Rocketship Public Schools Team: National, CA, WI, TN &amp; DC Insurance: Medical, dental, and vision benefits Basic Term &amp; Voluntary&hellip;","protected":false},"author":17,"featured_media":0,"parent":14700,"menu_order":0,"comment_status":"closed","ping_status":"closed","template":"","meta":{"_acf_changed":false,"content-type":"","footnotes":""},"tips_for_teachers":[],"class_list":["post-23675","page","type-page","status-publish","hentry"],"acf":[],"yoast_head":"<!-- This site is optimized with the Yoast SEO plugin v27.0 - https:\/\/yoast.com\/product\/yoast-seo-wordpress\/ -->\n<title>Benefits<\/title>\n<meta name=\"description\" content=\"Los Dichos is a monthly multilingual literacy and reading program\" \/>\n<meta name=\"robots\" content=\"index, follow, max-snippet:-1, max-image-preview:large, max-video-preview:-1\" \/>\n<link rel=\"canonical\" href=\"https:\/\/www.rocketshipschools.org\/es\/unete-a-nuestro-equipo\/beneficios\/\" \/>\n<meta property=\"og:locale\" content=\"es_MX\" \/>\n<meta property=\"og:type\" content=\"article\" \/>\n<meta property=\"og:title\" content=\"Benefits\" \/>\n<meta property=\"og:description\" content=\"Los Dichos is a monthly multilingual literacy and reading program\" \/>\n<meta property=\"og:url\" content=\"https:\/\/www.rocketshipschools.org\/es\/unete-a-nuestro-equipo\/beneficios\/\" \/>\n<meta property=\"og:site_name\" content=\"Rocketship\" \/>\n<meta property=\"article:modified_time\" content=\"2025-05-23T19:25:16+00:00\" \/>\n<meta name=\"twitter:card\" content=\"summary_large_image\" \/>\n<meta name=\"twitter:label1\" content=\"Tiempo de lectura\" \/>\n\t<meta name=\"twitter:data1\" content=\"1 minuto\" \/>\n<script type=\"application\/ld+json\" class=\"yoast-schema-graph\">{\"@context\":\"https:\/\/schema.org\",\"@graph\":[{\"@type\":\"WebPage\",\"@id\":\"https:\/\/www.rocketshipschools.org\/join-our-team\/benefits\/\",\"url\":\"https:\/\/www.rocketshipschools.org\/join-our-team\/benefits\/\",\"name\":\"Benefits\",\"isPartOf\":{\"@id\":\"https:\/\/www.rocketshipschools.org\/#website\"},\"datePublished\":\"2023-12-14T23:06:21+00:00\",\"dateModified\":\"2025-05-23T19:25:16+00:00\",\"description\":\"Los Dichos is a monthly multilingual literacy and reading program\",\"breadcrumb\":{\"@id\":\"https:\/\/www.rocketshipschools.org\/join-our-team\/benefits\/#breadcrumb\"},\"inLanguage\":\"es\",\"potentialAction\":[{\"@type\":\"ReadAction\",\"target\":[\"https:\/\/www.rocketshipschools.org\/join-our-team\/benefits\/\"]}]},{\"@type\":\"BreadcrumbList\",\"@id\":\"https:\/\/www.rocketshipschools.org\/join-our-team\/benefits\/#breadcrumb\",\"itemListElement\":[{\"@type\":\"ListItem\",\"position\":1,\"name\":\"Home\",\"item\":\"https:\/\/www.rocketshipschools.org\/\"},{\"@type\":\"ListItem\",\"position\":2,\"name\":\"Join Our Team\",\"item\":\"https:\/\/www.rocketshipschools.org\/join-our-team\/\"},{\"@type\":\"ListItem\",\"position\":3,\"name\":\"Benefits\"}]},{\"@type\":\"WebSite\",\"@id\":\"https:\/\/www.rocketshipschools.org\/#website\",\"url\":\"https:\/\/www.rocketshipschools.org\/\",\"name\":\"Rocketship\",\"description\":\"We are unleashing potential.\",\"potentialAction\":[{\"@type\":\"SearchAction\",\"target\":{\"@type\":\"EntryPoint\",\"urlTemplate\":\"https:\/\/www.rocketshipschools.org\/?s={search_term_string}\"},\"query-input\":{\"@type\":\"PropertyValueSpecification\",\"valueRequired\":true,\"valueName\":\"search_term_string\"}}],\"inLanguage\":\"es\"}]}<\/script>\n<!-- \/ Yoast SEO plugin. -->","yoast_head_json":{"title":"Benefits","description":"Los Dichos is a monthly multilingual literacy and reading program","robots":{"index":"index","follow":"follow","max-snippet":"max-snippet:-1","max-image-preview":"max-image-preview:large","max-video-preview":"max-video-preview:-1"},"canonical":"https:\/\/www.rocketshipschools.org\/es\/unete-a-nuestro-equipo\/beneficios\/","og_locale":"es_MX","og_type":"article","og_title":"Benefits","og_description":"Los Dichos is a monthly multilingual literacy and reading program","og_url":"https:\/\/www.rocketshipschools.org\/es\/unete-a-nuestro-equipo\/beneficios\/","og_site_name":"Rocketship","article_modified_time":"2025-05-23T19:25:16+00:00","twitter_card":"summary_large_image","twitter_misc":{"Tiempo de lectura":"1 minuto"},"schema":{"@context":"https:\/\/schema.org","@graph":[{"@type":"WebPage","@id":"https:\/\/www.rocketshipschools.org\/join-our-team\/benefits\/","url":"https:\/\/www.rocketshipschools.org\/join-our-team\/benefits\/","name":"Benefits","isPartOf":{"@id":"https:\/\/www.rocketshipschools.org\/#website"},"datePublished":"2023-12-14T23:06:21+00:00","dateModified":"2025-05-23T19:25:16+00:00","description":"Los Dichos is a monthly multilingual literacy and reading program","breadcrumb":{"@id":"https:\/\/www.rocketshipschools.org\/join-our-team\/benefits\/#breadcrumb"},"inLanguage":"es","potentialAction":[{"@type":"ReadAction","target":["https:\/\/www.rocketshipschools.org\/join-our-team\/benefits\/"]}]},{"@type":"BreadcrumbList","@id":"https:\/\/www.rocketshipschools.org\/join-our-team\/benefits\/#breadcrumb","itemListElement":[{"@type":"ListItem","position":1,"name":"Home","item":"https:\/\/www.rocketshipschools.org\/"},{"@type":"ListItem","position":2,"name":"Join Our Team","item":"https:\/\/www.rocketshipschools.org\/join-our-team\/"},{"@type":"ListItem","position":3,"name":"Benefits"}]},{"@type":"WebSite","@id":"https:\/\/www.rocketshipschools.org\/#website","url":"https:\/\/www.rocketshipschools.org\/","name":"Rocketship","description":"We are unleashing potential.","potentialAction":[{"@type":"SearchAction","target":{"@type":"EntryPoint","urlTemplate":"https:\/\/www.rocketshipschools.org\/?s={search_term_string}"},"query-input":{"@type":"PropertyValueSpecification","valueRequired":true,"valueName":"search_term_string"}}],"inLanguage":"es"}]}},"_links":{"self":[{"href":"https:\/\/www.rocketshipschools.org\/es\/wp-json\/wp\/v2\/pages\/23675"}],"collection":[{"href":"https:\/\/www.rocketshipschools.org\/es\/wp-json\/wp\/v2\/pages"}],"about":[{"href":"https:\/\/www.rocketshipschools.org\/es\/wp-json\/wp\/v2\/types\/page"}],"author":[{"embeddable":true,"href":"https:\/\/www.rocketshipschools.org\/es\/wp-json\/wp\/v2\/users\/17"}],"replies":[{"embeddable":true,"href":"https:\/\/www.rocketshipschools.org\/es\/wp-json\/wp\/v2\/comments?post=23675"}],"version-history":[{"count":0,"href":"https:\/\/www.rocketshipschools.org\/es\/wp-json\/wp\/v2\/pages\/23675\/revisions"}],"up":[{"embeddable":true,"href":"https:\/\/www.rocketshipschools.org\/es\/wp-json\/wp\/v2\/pages\/14700"}],"wp:attachment":[{"href":"https:\/\/www.rocketshipschools.org\/es\/wp-json\/wp\/v2\/media?parent=23675"}],"wp:term":[{"taxonomy":"tips_for_teachers","embeddable":true,"href":"https:\/\/www.rocketshipschools.org\/es\/wp-json\/wp\/v2\/tips_for_teachers?post=23675"}],"curies":[{"name":"wp","href":"https:\/\/api.w.org\/{rel}","templated":true}]}}