 {"id":15713,"date":"2019-05-06T20:47:11","date_gmt":"2019-05-06T20:47:11","guid":{"rendered":"https:\/\/www.rocketshipschools.org\/?page_id=15713"},"modified":"2024-11-12T19:51:43","modified_gmt":"2024-11-12T19:51:43","slug":"applicant-resources","status":"publish","type":"page","link":"https:\/\/www.rocketshipschools.org\/vi\/tham-gia-nhom-cua-chung-toi\/day-voi-chung-toi\/applicant-resources\/","title":{"rendered":"T\u00e0i nguy\u00ean d\u00e0nh cho \u1ee9ng vi\u00ean gi\u00e1o vi\u00ean"},"content":{"rendered":"<div class=\"wpb-content-wrapper\"><div id=\"home-header\" data-vc-full-width=\"true\" data-vc-full-width-init=\"false\" class=\"vc_row wpb_row vc_row-fluid vc_custom_1508909292553 vc_row-has-fill vc_row-o-content-middle vc_row-flex\"><div class=\"wpb_column vc_column_container vc_col-sm-12\"><div class=\"vc_column-inner\"><div class=\"wpb_wrapper\">\n\t<div class=\"wpb_raw_code wpb_raw_html wpb_content_element\" >\n\t\t<div class=\"wpb_wrapper\">\n\t\t\t<h1>Ngu\u1ed3n l\u1ef1c \u1ee9ng tuy\u1ec3n<\/h1>\n\t\t<\/div>\n\t<\/div>\n<\/div><\/div><\/div><\/div><div class=\"vc_row-full-width vc_clearfix\"><\/div><section class=\"vc_section vc_custom_1504731252935\"><div id=\"breadcrumbs\" class=\"vc_row wpb_row vc_row-fluid\"><div class=\"wpb_column vc_column_container vc_col-sm-12\"><div class=\"vc_column-inner\"><div class=\"wpb_wrapper\">\n\t<div class=\"wpb_text_column wpb_content_element\" >\n\t\t<div class=\"wpb_wrapper\">\n\t\t\t<span><span><a href=\"https:\/\/www.rocketshipschools.org\/vi\/\">Trang ch\u1ee7<\/a><\/span><\/span>\n\n\t\t<\/div>\n\t<\/div>\n<\/div><\/div><\/div><\/div><div class=\"vc_row wpb_row vc_row-fluid\"><div class=\"wpb_column vc_column_container vc_col-sm-12\"><div class=\"vc_column-inner\"><div class=\"wpb_wrapper\"><h3 style=\"text-align: left\" class=\"vc_custom_heading vc_do_custom_heading vc_custom_1510337697132\" >\u1ee8ng d\u1ee5ng<\/h3>\n\t<div class=\"wpb_text_column wpb_content_element\" >\n\t\t<div class=\"wpb_wrapper\">\n\t\t\t<p>T\u1ea5t c\u1ea3 \u1ee9ng d\u1ee5ng c\u00f3 th\u1ec3 \u0111\u01b0\u1ee3c t\u00ecm th\u1ea5y tr\u00ean <a href=\"http:\/\/www.rocketshipschools.org\/vi\/tham-gia-nhom-cua-chung-toi\/\" target=\"_blank\" rel=\"noopener noreferrer\">Tham gia nh\u00f3m c\u1ee7a ch\u00fang t\u00f4i<\/a>\u00a0Trang. B\u1ea1n s\u1ebd c\u1ea7n t\u1ea3i l\u00ean s\u01a1 y\u1ebfu l\u00fd l\u1ecbch v\u00e0 tr\u1ea3 l\u1eddi m\u1ed9t s\u1ed1 c\u00e2u h\u1ecfi th\u00f4ng tin v\u1ec1 kinh nghi\u1ec7m v\u00e0 s\u1edf th\u00edch vi\u1ec7c l\u00e0m c\u1ee7a b\u1ea1n. Qu\u00e1 tr\u00ecnh n\u00e0y s\u1ebd kh\u00f4ng m\u1ea5t qu\u00e1 15 ph\u00fat.<\/p>\n<p>B\u1ea1n s\u1ebd nh\u1eadn \u0111\u01b0\u1ee3c email x\u00e1c nh\u1eadn cho bi\u1ebft ch\u00fang t\u00f4i \u0111\u00e3 nh\u1eadn \u0111\u01b0\u1ee3c h\u1ed3 s\u01a1 c\u1ee7a b\u1ea1n. N\u1ebfu thi\u1ebfu th\u00f4ng tin ho\u1eb7c th\u00f4ng tin ch\u01b0a \u0111\u1ea7y \u0111\u1ee7, ch\u00fang t\u00f4i s\u1ebd li\u00ean h\u1ec7 v\u1edbi b\u1ea1n qua email \u0111\u1ec3 y\u00eau c\u1ea7u. N\u1ebfu <em>\u0111\u1eebng<\/em> N\u1ebfu b\u1ea1n kh\u00f4ng nh\u1eadn \u0111\u01b0\u1ee3c ph\u1ea3n h\u1ed3i t\u1eeb ch\u00fang t\u00f4i trong v\u00f2ng hai tu\u1ea7n k\u1ec3 t\u1eeb khi n\u1ed9p \u0111\u01a1n, b\u1ea1n n\u00ean ki\u1ec3m tra th\u01b0 m\u1ee5c spam c\u1ee7a m\u00ecnh \u0111\u1ec3 xem c\u00f3 email b\u1ecb b\u1ecf s\u00f3t kh\u00f4ng.<\/p>\n\n\t\t<\/div>\n\t<\/div>\n<h3 style=\"text-align: left\" class=\"vc_custom_heading vc_do_custom_heading vc_custom_1510337702938\" >Ph\u1ecfng v\u1ea5n qua \u0111i\u1ec7n tho\u1ea1i<\/h3>\n\t<div class=\"wpb_text_column wpb_content_element\" >\n\t\t<div class=\"wpb_wrapper\">\n\t\t\t<p>B\u01b0\u1edbc th\u1ee9 hai c\u1ee7a quy tr\u00ecnh s\u1ebd l\u00e0 m\u1ed9t cu\u1ed9c ph\u1ecfng v\u1ea5n qua \u0111i\u1ec7n tho\u1ea1i v\u1edbi chuy\u00ean vi\u00ean tuy\u1ec3n d\u1ee5ng c\u1ee7a Rocketship. Ch\u00fang t\u00f4i s\u1ebd \u0111\u1eb7t c\u00e1c c\u00e2u h\u1ecfi ph\u1ecfng v\u1ea5n chung \u0111\u1ec3 hi\u1ec3u r\u00f5 h\u01a1n v\u1ec1 b\u1ea1n. Vui l\u00f2ng \u0111\u1eb7t c\u00e2u h\u1ecfi cho ch\u00fang t\u00f4i v\u1ec1 vai tr\u00f2 v\u00e0 c\u00e1c tr\u01b0\u1eddng h\u1ecdc c\u1ee7a ch\u00fang t\u00f4i trong giai \u0111o\u1ea1n ph\u1ecfng v\u1ea5n n\u00e0y.<\/p>\n\n\t\t<\/div>\n\t<\/div>\n<h3 style=\"text-align: left\" class=\"vc_custom_heading vc_do_custom_heading vc_custom_1510337717933\" >Ph\u1ecfng v\u1ea5n tr\u1ef1c ti\u1ebfp<\/h3>\n\t<div class=\"wpb_text_column wpb_content_element\" >\n\t\t<div class=\"wpb_wrapper\">\n\t\t\t<p>Giai \u0111o\u1ea1n cu\u1ed1i c\u00f9ng c\u1ee7a quy tr\u00ecnh \u1ee9ng tuy\u1ec3n c\u1ee7a ch\u00fang t\u00f4i l\u00e0 ph\u1ecfng v\u1ea5n tr\u1ef1c ti\u1ebfp. Bu\u1ed5i ph\u1ecfng v\u1ea5n tr\u1ef1c ti\u1ebfp bao g\u1ed3m c\u00e1c ho\u1ea1t \u0111\u1ed9ng kh\u00e1c nhau, bao g\u1ed3m tham quan khu\u00f4n vi\u00ean tr\u01b0\u1eddng c\u1ee7a ch\u00fang t\u00f4i, m\u1ed9t b\u00e0i gi\u1ea3ng th\u1eed v\u00e0 ph\u1ecfng v\u1ea5n c\u00e1 nh\u00e2n, t\u1eadp th\u1ec3 v\u1edbi ph\u1ee5 huynh, nh\u00e2n vi\u00ean v\u00e0 l\u00e3nh \u0111\u1ea1o nh\u00e0 tr\u01b0\u1eddng. N\u1ebfu b\u1ea1n \u0111\u1ebfn t\u1eeb ngo\u00e0i th\u00e0nh ph\u1ed1, ch\u00fang t\u00f4i s\u1ebd ho\u00e0n l\u1ea1i m\u1ed9t ph\u1ea7n chi ph\u00ed chuy\u1ebfn \u0111i c\u1ee7a b\u1ea1n, nh\u01b0ng \u0111\u1ec3 c\u00f3 s\u1ef1 l\u1ef1a ch\u1ecdn t\u1ed1t nh\u1ea5t, h\u00e3y \u0111\u1eb7t l\u1ecbch s\u1edbm nh\u1ea5t c\u00f3 th\u1ec3 sau khi b\u1ea1n nh\u1eadn \u0111\u01b0\u1ee3c l\u1eddi m\u1eddi ph\u1ecfng v\u1ea5n tr\u1ef1c ti\u1ebfp!<\/p>\n\n\t\t<\/div>\n\t<\/div>\n<h3 style=\"text-align: left\" class=\"vc_custom_heading vc_do_custom_heading vc_custom_1562970187746\" >Ch\u1ee9ng nh\u1eadn<\/h3>\n\t<div class=\"wpb_text_column wpb_content_element\" >\n\t\t<div class=\"wpb_wrapper\">\n\t\t\t<p>Rocketship cam k\u1ebft h\u1ed7 tr\u1ee3 gi\u00e1o vi\u00ean m\u1edbi v\u00e0 nh\u00e2n vi\u00ean l\u00e0m theo gi\u1edd trong l\u1ed9 tr\u00ecnh c\u1ea5p ch\u1ee9ng ch\u1ec9. Ch\u00fang t\u00f4i cung c\u1ea5p h\u1ed7 tr\u1ee3 th\u00f4ng qua t\u01b0 v\u1ea5n ngh\u1ec1 nghi\u1ec7p c\u1ea5p ch\u1ee9ng ch\u1ec9, chu\u1ea9n b\u1ecb cho k\u1ef3 thi, h\u1ed7 tr\u1ee3 h\u1ecdc ph\u00ed v\u00e0 c\u00e1c quan h\u1ec7 \u0111\u1ed1i t\u00e1c ch\u01b0\u01a1ng tr\u00ecnh chuy\u00ean d\u1ee5ng! Th\u00f4ng qua quan h\u1ec7 \u0111\u1ed1i t\u00e1c \u0111\u1ea1i h\u1ecdc, b\u1ea1n c\u00f3 th\u1ec3 c\u00f3 \u0111\u01b0\u1ee3c gi\u1ea5y ph\u00e9p h\u00e0nh ngh\u1ec1 \u0111\u1ea7y \u0111\u1ee7! <\/p>\n\n\t\t<\/div>\n\t<\/div>\n<div class=\"vc_btn3-container vc_btn3-inline vc_do_btn\" ><a class=\"vc_general vc_btn3 vc_btn3-size-md vc_btn3-shape-rounded vc_btn3-style-modern vc_btn3-color-orange\" href=\"https:\/\/www.rocketshipschools.org\/vi\/tham-gia-nhom-cua-chung-toi\/day-voi-chung-toi\/credentialing\/\" title=\"\" target=\"_blank\">T\u00ecm hi\u1ec3u th\u00eam v\u1ec1 ch\u1ee9ng nh\u1eadn<\/a><\/div><\/div><\/div><\/div><div class=\"wpb_column vc_column_container vc_col-sm-12\"><div class=\"vc_column-inner\"><div class=\"wpb_wrapper\"><\/div><\/div><\/div><div class=\"wpb_column vc_column_container vc_col-sm-12\"><div class=\"vc_column-inner\"><div class=\"wpb_wrapper\"><\/div><\/div><\/div><\/div><\/section><section data-vc-full-width=\"true\" data-vc-full-width-init=\"false\" class=\"vc_section vc_custom_1504737484911 vc_section-has-fill\"><div class=\"vc_row wpb_row vc_row-fluid cta-container vc_row-o-equal-height vc_row-o-content-middle vc_row-flex\"><div class=\"wpb_column vc_column_container vc_col-sm-12\"><div class=\"vc_column-inner\"><div class=\"wpb_wrapper\">\n\t<div class=\"wpb_text_column wpb_content_element white-text\" >\n\t\t<div class=\"wpb_wrapper\">\n\t\t\t<h2 style=\"text-align: center;\">H\u1ea1n ch\u00f3t n\u1ed9p h\u1ed3 s\u01a1<\/h2>\n<p style=\"text-align: center;\">\u0110\u1eebng b\u1ecf l\u1ee1 c\u01a1 h\u1ed9i tr\u1edf th\u00e0nh gi\u00e1o vi\u00ean ho\u1eb7c l\u00e3nh \u0111\u1ea1o tr\u01b0\u1eddng h\u1ecdc c\u1ee7a Rocketship t\u1ea1i San Jose, Fort Worth, Milwaukee, Nashville ho\u1eb7c DC! Ch\u00fang t\u00f4i nh\u1eadn h\u1ed3 s\u01a1 v\u00e0o m\u1ecdi th\u1eddi \u0111i\u1ec3m, nh\u01b0ng h\u00e3y n\u1ed9p s\u1edbm \u0111\u1ec3 c\u00f3 nh\u1eefng l\u1ef1a ch\u1ecdn t\u1ed1t nh\u1ea5t v\u1ec1 kh\u1ed1i l\u1edbp v\u00e0 n\u1ed9i dung gi\u1ea3ng d\u1ea1y.<\/p>\n\n\t\t<\/div>\n\t<\/div>\n<div class=\"vc_btn3-container vc_btn3-center vc_do_btn\" ><a class=\"vc_general vc_btn3 vc_btn3-size-md vc_btn3-shape-rounded vc_btn3-style-modern vc_btn3-color-warning\" href=\"https:\/\/rocketship--careers.multiscreensite.com\/\" title=\"\" target=\"_blank\">\u0110\u0102NG K\u00dd NGAY<\/a><\/div><\/div><\/div><\/div><\/div><\/section><div class=\"vc_row-full-width vc_clearfix\"><\/div><div class=\"vc_row wpb_row vc_row-fluid\"><div class=\"wpb_column vc_column_container vc_col-sm-12\"><div class=\"vc_column-inner\"><div class=\"wpb_wrapper\"><\/div><\/div><\/div><\/div>\n<\/div>","protected":false},"excerpt":{"rendered":"Applicant resources Home Application All applications can be found on the Join Our Team\u00a0page. You will need to upload a resume and answer some informational questions about your experiences and employment preferences. \u00a0It shouldn't take more than 15 minutes. You will get a confirmation email letting you know that we\u2019ve received your application. If any&hellip;","protected":false},"author":6,"featured_media":0,"parent":14728,"menu_order":0,"comment_status":"closed","ping_status":"closed","template":"","meta":{"_acf_changed":false,"content-type":"","footnotes":""},"tips_for_teachers":[],"class_list":["post-15713","page","type-page","status-publish","hentry"],"acf":[],"yoast_head":"<!-- This site is optimized with the Yoast SEO plugin v27.0 - https:\/\/yoast.com\/product\/yoast-seo-wordpress\/ -->\n<title>Teacher Applicant Resources<\/title>\n<meta name=\"robots\" content=\"index, follow, max-snippet:-1, max-image-preview:large, max-video-preview:-1\" \/>\n<link rel=\"canonical\" href=\"https:\/\/www.rocketshipschools.org\/vi\/tham-gia-nhom-cua-chung-toi\/day-voi-chung-toi\/applicant-resources\/\" \/>\n<meta property=\"og:locale\" content=\"vi_VN\" \/>\n<meta property=\"og:type\" content=\"article\" \/>\n<meta property=\"og:title\" content=\"Teacher Applicant Resources\" \/>\n<meta property=\"og:url\" content=\"https:\/\/www.rocketshipschools.org\/vi\/tham-gia-nhom-cua-chung-toi\/day-voi-chung-toi\/applicant-resources\/\" \/>\n<meta property=\"og:site_name\" content=\"Rocketship\" \/>\n<meta property=\"article:modified_time\" content=\"2024-11-12T19:51:43+00:00\" \/>\n<meta name=\"twitter:card\" content=\"summary_large_image\" \/>\n<meta name=\"twitter:label1\" content=\"Est. reading time\" \/>\n\t<meta name=\"twitter:data1\" content=\"2 ph\u00fat\" \/>\n<script type=\"application\/ld+json\" class=\"yoast-schema-graph\">{\"@context\":\"https:\/\/schema.org\",\"@graph\":[{\"@type\":\"WebPage\",\"@id\":\"https:\/\/www.rocketshipschools.org\/join-our-team\/teach-with-us\/applicant-resources\/\",\"url\":\"https:\/\/www.rocketshipschools.org\/join-our-team\/teach-with-us\/applicant-resources\/\",\"name\":\"Teacher Applicant Resources\",\"isPartOf\":{\"@id\":\"https:\/\/www.rocketshipschools.org\/#website\"},\"datePublished\":\"2019-05-06T20:47:11+00:00\",\"dateModified\":\"2024-11-12T19:51:43+00:00\",\"breadcrumb\":{\"@id\":\"https:\/\/www.rocketshipschools.org\/join-our-team\/teach-with-us\/applicant-resources\/#breadcrumb\"},\"inLanguage\":\"vi\",\"potentialAction\":[{\"@type\":\"ReadAction\",\"target\":[\"https:\/\/www.rocketshipschools.org\/join-our-team\/teach-with-us\/applicant-resources\/\"]}]},{\"@type\":\"BreadcrumbList\",\"@id\":\"https:\/\/www.rocketshipschools.org\/join-our-team\/teach-with-us\/applicant-resources\/#breadcrumb\",\"itemListElement\":[{\"@type\":\"ListItem\",\"position\":1,\"name\":\"Home\",\"item\":\"https:\/\/www.rocketshipschools.org\/\"},{\"@type\":\"ListItem\",\"position\":2,\"name\":\"Join Our Team\",\"item\":\"https:\/\/www.rocketshipschools.org\/join-our-team\/\"},{\"@type\":\"ListItem\",\"position\":3,\"name\":\"Teach With Us\",\"item\":\"https:\/\/www.rocketshipschools.org\/join-our-team\/teach-with-us\/\"},{\"@type\":\"ListItem\",\"position\":4,\"name\":\"Teacher Applicant Resources\"}]},{\"@type\":\"WebSite\",\"@id\":\"https:\/\/www.rocketshipschools.org\/#website\",\"url\":\"https:\/\/www.rocketshipschools.org\/\",\"name\":\"Rocketship\",\"description\":\"We are unleashing potential.\",\"potentialAction\":[{\"@type\":\"SearchAction\",\"target\":{\"@type\":\"EntryPoint\",\"urlTemplate\":\"https:\/\/www.rocketshipschools.org\/?s={search_term_string}\"},\"query-input\":{\"@type\":\"PropertyValueSpecification\",\"valueRequired\":true,\"valueName\":\"search_term_string\"}}],\"inLanguage\":\"vi\"}]}<\/script>\n<!-- \/ Yoast SEO plugin. -->","yoast_head_json":{"title":"Teacher Applicant Resources","robots":{"index":"index","follow":"follow","max-snippet":"max-snippet:-1","max-image-preview":"max-image-preview:large","max-video-preview":"max-video-preview:-1"},"canonical":"https:\/\/www.rocketshipschools.org\/vi\/tham-gia-nhom-cua-chung-toi\/day-voi-chung-toi\/applicant-resources\/","og_locale":"vi_VN","og_type":"article","og_title":"Teacher Applicant Resources","og_url":"https:\/\/www.rocketshipschools.org\/vi\/tham-gia-nhom-cua-chung-toi\/day-voi-chung-toi\/applicant-resources\/","og_site_name":"Rocketship","article_modified_time":"2024-11-12T19:51:43+00:00","twitter_card":"summary_large_image","twitter_misc":{"Est. reading time":"2 ph\u00fat"},"schema":{"@context":"https:\/\/schema.org","@graph":[{"@type":"WebPage","@id":"https:\/\/www.rocketshipschools.org\/join-our-team\/teach-with-us\/applicant-resources\/","url":"https:\/\/www.rocketshipschools.org\/join-our-team\/teach-with-us\/applicant-resources\/","name":"Teacher Applicant Resources","isPartOf":{"@id":"https:\/\/www.rocketshipschools.org\/#website"},"datePublished":"2019-05-06T20:47:11+00:00","dateModified":"2024-11-12T19:51:43+00:00","breadcrumb":{"@id":"https:\/\/www.rocketshipschools.org\/join-our-team\/teach-with-us\/applicant-resources\/#breadcrumb"},"inLanguage":"vi","potentialAction":[{"@type":"ReadAction","target":["https:\/\/www.rocketshipschools.org\/join-our-team\/teach-with-us\/applicant-resources\/"]}]},{"@type":"BreadcrumbList","@id":"https:\/\/www.rocketshipschools.org\/join-our-team\/teach-with-us\/applicant-resources\/#breadcrumb","itemListElement":[{"@type":"ListItem","position":1,"name":"Home","item":"https:\/\/www.rocketshipschools.org\/"},{"@type":"ListItem","position":2,"name":"Join Our Team","item":"https:\/\/www.rocketshipschools.org\/join-our-team\/"},{"@type":"ListItem","position":3,"name":"Teach With Us","item":"https:\/\/www.rocketshipschools.org\/join-our-team\/teach-with-us\/"},{"@type":"ListItem","position":4,"name":"Teacher Applicant Resources"}]},{"@type":"WebSite","@id":"https:\/\/www.rocketshipschools.org\/#website","url":"https:\/\/www.rocketshipschools.org\/","name":"Rocketship","description":"We are unleashing potential.","potentialAction":[{"@type":"SearchAction","target":{"@type":"EntryPoint","urlTemplate":"https:\/\/www.rocketshipschools.org\/?s={search_term_string}"},"query-input":{"@type":"PropertyValueSpecification","valueRequired":true,"valueName":"search_term_string"}}],"inLanguage":"vi"}]}},"_links":{"self":[{"href":"https:\/\/www.rocketshipschools.org\/vi\/wp-json\/wp\/v2\/pages\/15713"}],"collection":[{"href":"https:\/\/www.rocketshipschools.org\/vi\/wp-json\/wp\/v2\/pages"}],"about":[{"href":"https:\/\/www.rocketshipschools.org\/vi\/wp-json\/wp\/v2\/types\/page"}],"author":[{"embeddable":true,"href":"https:\/\/www.rocketshipschools.org\/vi\/wp-json\/wp\/v2\/users\/6"}],"replies":[{"embeddable":true,"href":"https:\/\/www.rocketshipschools.org\/vi\/wp-json\/wp\/v2\/comments?post=15713"}],"version-history":[{"count":0,"href":"https:\/\/www.rocketshipschools.org\/vi\/wp-json\/wp\/v2\/pages\/15713\/revisions"}],"up":[{"embeddable":true,"href":"https:\/\/www.rocketshipschools.org\/vi\/wp-json\/wp\/v2\/pages\/14728"}],"wp:attachment":[{"href":"https:\/\/www.rocketshipschools.org\/vi\/wp-json\/wp\/v2\/media?parent=15713"}],"wp:term":[{"taxonomy":"tips_for_teachers","embeddable":true,"href":"https:\/\/www.rocketshipschools.org\/vi\/wp-json\/wp\/v2\/tips_for_teachers?post=15713"}],"curies":[{"name":"wp","href":"https:\/\/api.w.org\/{rel}","templated":true}]}}