 {"id":17337,"date":"2020-04-21T21:28:01","date_gmt":"2020-04-21T21:28:01","guid":{"rendered":"https:\/\/www.rocketshipschools.org\/?page_id=17337"},"modified":"2021-02-10T03:33:21","modified_gmt":"2021-02-10T03:33:21","slug":"aboutcovid","status":"publish","type":"page","link":"https:\/\/www.rocketshipschools.org\/vi\/hoc-tu-xa\/social-emotional-learning\/aboutcovid\/","title":{"rendered":"V\u1ec1 COVID19"},"content":{"rendered":"<div class=\"wpb-content-wrapper\"><div class=\"vc_row wpb_row vc_row-fluid\"><div class=\"wpb_column vc_column_container vc_col-sm-12\"><div class=\"vc_column-inner\"><div class=\"wpb_wrapper\">\n\t<div class=\"wpb_text_column wpb_content_element\" >\n\t\t<div class=\"wpb_wrapper\">\n\t\t\t<span><span><a href=\"https:\/\/www.rocketshipschools.org\/vi\/\">Trang ch\u1ee7<\/a><\/span><\/span>\n\n\t\t<\/div>\n\t<\/div>\n<div class=\"vc_empty_space\"   style=\"height: 32px\"><span class=\"vc_empty_space_inner\"><\/span><\/div><\/div><\/div><\/div><\/div><div class=\"vc_row wpb_row vc_row-fluid\"><div class=\"wpb_column vc_column_container vc_col-sm-6\"><div class=\"vc_column-inner\"><div class=\"wpb_wrapper\"><div class=\"vc_empty_space\"   style=\"height: 32px\"><span class=\"vc_empty_space_inner\"><\/span><\/div><div class=\"vc_empty_space\"   style=\"height: 32px\"><span class=\"vc_empty_space_inner\"><\/span><\/div><div class=\"vc_empty_space\"   style=\"height: 32px\"><span class=\"vc_empty_space_inner\"><\/span><\/div>\n\t<div class=\"wpb_text_column wpb_content_element\" >\n\t\t<div class=\"wpb_wrapper\">\n\t\t\t<h3>L\u00e0m th\u1ebf n\u00e0o \u0111\u1ec3 gi\u1ea3i th\u00edch COVID-19 cho tr\u1ebb em<\/h3>\n<p>Trong b\u1ed9 phim ho\u1ea1t h\u00ecnh n\u00e0y, BrainPOP gi\u1ea3i th\u00edch v\u1ec1 COVID-19 cho tr\u1ebb nh\u1ecf, c\u00e1ch l\u00e2y lan, c\u00e1ch ly v\u00e0 m\u1ed9t s\u1ed1 m\u1eb9o an to\u00e0n c\u1ea7n l\u01b0u \u00fd. \u0110\u00e2y l\u00e0 m\u1ed9t c\u00f4ng c\u1ee5 tuy\u1ec7t v\u1eddi \u0111\u1ec3 b\u1eaft \u0111\u1ea7u cu\u1ed9c tr\u00f2 chuy\u1ec7n. B\u1ea1n \u0111ang t\u00ecm ki\u1ebfm m\u1ed9t ho\u1ea1t \u0111\u1ed9ng \u0111\u1ec3 \u0111\u1ea3m b\u1ea3o c\u00e1c em hi\u1ec3u nh\u1eefng g\u00ec \u0111\u00e3 nghe? T\u1ea3i xu\u1ed1ng b\u1ea3ng t\u00ednh n\u00e0y <a href=\"https:\/\/www.brainpop.com\/health\/diseasesinjuriesandconditions\/coronavirus\/worksheet\/\" target=\"_blank\" rel=\"noopener noreferrer\">\u0111\u00e2y<\/a>.<\/p>\n<p>Cha m\u1eb9 c\u0169ng c\u00f3 th\u1ec3 \u0111\u1ecdc b\u00e0i vi\u1ebft n\u00e0y tr\u00ean <a href=\"https:\/\/www.pbs.org\/parents\/thrive\/how-to-talk-to-your-kids-about-coronavirus\" target=\"_blank\" rel=\"noopener noreferrer\">Ti\u1ebfng Anh<\/a> V\u00e0 <a href=\"https:\/\/www.pbs.org\/parents\/thrive\/como-hablar-con-tus-hijos-sobre-el-coronavirus\" target=\"_blank\" rel=\"noopener noreferrer\">Ti\u1ebfng T\u00e2y Ban Nha<\/a> \u0111\u1ec3 h\u1ecdc c\u00e1ch giao ti\u1ebfp v\u1ec1 COVID-19 theo c\u00e1ch v\u1eeba cung c\u1ea5p th\u00f4ng tin v\u1eeba tr\u1ea5n an con c\u00e1i.<\/p>\n\n\t\t<\/div>\n\t<\/div>\n<div class=\"vc_btn3-container vc_btn3-inline vc_do_btn\" ><a class=\"vc_general vc_btn3 vc_btn3-size-md vc_btn3-shape-rounded vc_btn3-style-modern vc_btn3-color-warning\" href=\"https:\/\/www.brainpop.com\/health\/diseasesinjuriesandconditions\/coronavirus\/\" title=\"\" target=\"_blank\">Xem Video<\/a><\/div><div class=\"vc_empty_space\"   style=\"height: 32px\"><span class=\"vc_empty_space_inner\"><\/span><\/div><\/div><\/div><\/div><div class=\"wpb_column vc_column_container vc_col-sm-6\"><div class=\"vc_column-inner\"><div class=\"wpb_wrapper\"><div class=\"vc_empty_space\"   style=\"height: 32px\"><span class=\"vc_empty_space_inner\"><\/span><\/div><div class=\"vc_empty_space\"   style=\"height: 32px\"><span class=\"vc_empty_space_inner\"><\/span><\/div><div class=\"vc_empty_space\"   style=\"height: 32px\"><span class=\"vc_empty_space_inner\"><\/span><\/div><div class=\"vc_empty_space\"   style=\"height: 32px\"><span class=\"vc_empty_space_inner\"><\/span><\/div><div class=\"vc_empty_space\"   style=\"height: 32px\"><span class=\"vc_empty_space_inner\"><\/span><\/div>\n\t<div  class=\"wpb_single_image wpb_content_element vc_align_left wpb_content_element\">\n\t\t\n\t\t<figure class=\"wpb_wrapper vc_figure\">\n\t\t\t<a href=\"https:\/\/www.brainpop.com\/health\/diseasesinjuriesandconditions\/coronavirus\/\" target=\"_blank\" class=\"vc_single_image-wrapper   vc_box_border_grey\"><img loading=\"lazy\" decoding=\"async\" width=\"497\" height=\"370\" src=\"https:\/\/www.rocketshipschools.org\/wp-content\/uploads\/2020\/04\/Screen-Shot-2020-04-21-at-2.26.42-PM.png\" class=\"vc_single_image-img attachment-large\" alt=\"\" title=\"\u1ea2nh ch\u1ee5p m\u00e0n h\u00ecnh 2020-04-21 l\u00fac 2.26.42 PM\" srcset=\"https:\/\/www.rocketshipschools.org\/wp-content\/uploads\/2020\/04\/Screen-Shot-2020-04-21-at-2.26.42-PM.png 497w, https:\/\/www.rocketshipschools.org\/wp-content\/uploads\/2020\/04\/Screen-Shot-2020-04-21-at-2.26.42-PM-300x223.png 300w\" sizes=\"(max-width: 497px) 100vw, 497px\" \/><\/a>\n\t\t<\/figure>\n\t<\/div>\n<\/div><\/div><\/div><\/div>\n<\/div>","protected":false},"excerpt":{"rendered":"Home How to Explain COVID-19 to Children In this cartoon, BrainPOP explains COVID-19 to young children, how it spreads, quarantines, and some safety tips to keep in mind. This is a great tool to begin the conversation. Looking for an activity to make sure they understand what they heard? Download this worksheet here. Parents can&hellip;","protected":false},"author":17,"featured_media":0,"parent":16945,"menu_order":0,"comment_status":"closed","ping_status":"closed","template":"","meta":{"_acf_changed":false,"content-type":"","footnotes":""},"tips_for_teachers":[],"class_list":["post-17337","page","type-page","status-publish","hentry"],"acf":[],"yoast_head":"<!-- This site is optimized with the Yoast SEO plugin v27.0 - https:\/\/yoast.com\/product\/yoast-seo-wordpress\/ -->\n<title>About COVID19<\/title>\n<meta name=\"robots\" content=\"index, follow, max-snippet:-1, max-image-preview:large, max-video-preview:-1\" \/>\n<link rel=\"canonical\" href=\"https:\/\/www.rocketshipschools.org\/vi\/hoc-tu-xa\/social-emotional-learning\/aboutcovid\/\" \/>\n<meta property=\"og:locale\" content=\"vi_VN\" \/>\n<meta property=\"og:type\" content=\"article\" \/>\n<meta property=\"og:title\" content=\"About COVID19\" \/>\n<meta property=\"og:url\" content=\"https:\/\/www.rocketshipschools.org\/vi\/hoc-tu-xa\/social-emotional-learning\/aboutcovid\/\" \/>\n<meta property=\"og:site_name\" content=\"Rocketship\" \/>\n<meta property=\"article:modified_time\" content=\"2021-02-10T03:33:21+00:00\" \/>\n<meta name=\"twitter:card\" content=\"summary_large_image\" \/>\n<meta name=\"twitter:label1\" content=\"Est. reading time\" \/>\n\t<meta name=\"twitter:data1\" content=\"1 ph\u00fat\" \/>\n<script type=\"application\/ld+json\" class=\"yoast-schema-graph\">{\"@context\":\"https:\/\/schema.org\",\"@graph\":[{\"@type\":\"WebPage\",\"@id\":\"https:\/\/www.rocketshipschools.org\/distance-learning\/social-emotional-learning\/aboutcovid\/\",\"url\":\"https:\/\/www.rocketshipschools.org\/distance-learning\/social-emotional-learning\/aboutcovid\/\",\"name\":\"About COVID19\",\"isPartOf\":{\"@id\":\"https:\/\/www.rocketshipschools.org\/#website\"},\"datePublished\":\"2020-04-21T21:28:01+00:00\",\"dateModified\":\"2021-02-10T03:33:21+00:00\",\"breadcrumb\":{\"@id\":\"https:\/\/www.rocketshipschools.org\/distance-learning\/social-emotional-learning\/aboutcovid\/#breadcrumb\"},\"inLanguage\":\"vi\",\"potentialAction\":[{\"@type\":\"ReadAction\",\"target\":[\"https:\/\/www.rocketshipschools.org\/distance-learning\/social-emotional-learning\/aboutcovid\/\"]}]},{\"@type\":\"BreadcrumbList\",\"@id\":\"https:\/\/www.rocketshipschools.org\/distance-learning\/social-emotional-learning\/aboutcovid\/#breadcrumb\",\"itemListElement\":[{\"@type\":\"ListItem\",\"position\":1,\"name\":\"Home\",\"item\":\"https:\/\/www.rocketshipschools.org\/\"},{\"@type\":\"ListItem\",\"position\":2,\"name\":\"Distance Learning Launchpad\",\"item\":\"https:\/\/www.rocketshipschools.org\/distance-learning\/\"},{\"@type\":\"ListItem\",\"position\":3,\"name\":\"Social Emotional Learning\",\"item\":\"https:\/\/www.rocketshipschools.org\/distance-learning\/social-emotional-learning\/\"},{\"@type\":\"ListItem\",\"position\":4,\"name\":\"About COVID19\"}]},{\"@type\":\"WebSite\",\"@id\":\"https:\/\/www.rocketshipschools.org\/#website\",\"url\":\"https:\/\/www.rocketshipschools.org\/\",\"name\":\"Rocketship\",\"description\":\"We are unleashing potential.\",\"potentialAction\":[{\"@type\":\"SearchAction\",\"target\":{\"@type\":\"EntryPoint\",\"urlTemplate\":\"https:\/\/www.rocketshipschools.org\/?s={search_term_string}\"},\"query-input\":{\"@type\":\"PropertyValueSpecification\",\"valueRequired\":true,\"valueName\":\"search_term_string\"}}],\"inLanguage\":\"vi\"}]}<\/script>\n<!-- \/ Yoast SEO plugin. -->","yoast_head_json":{"title":"About COVID19","robots":{"index":"index","follow":"follow","max-snippet":"max-snippet:-1","max-image-preview":"max-image-preview:large","max-video-preview":"max-video-preview:-1"},"canonical":"https:\/\/www.rocketshipschools.org\/vi\/hoc-tu-xa\/social-emotional-learning\/aboutcovid\/","og_locale":"vi_VN","og_type":"article","og_title":"About COVID19","og_url":"https:\/\/www.rocketshipschools.org\/vi\/hoc-tu-xa\/social-emotional-learning\/aboutcovid\/","og_site_name":"Rocketship","article_modified_time":"2021-02-10T03:33:21+00:00","twitter_card":"summary_large_image","twitter_misc":{"Est. reading time":"1 ph\u00fat"},"schema":{"@context":"https:\/\/schema.org","@graph":[{"@type":"WebPage","@id":"https:\/\/www.rocketshipschools.org\/distance-learning\/social-emotional-learning\/aboutcovid\/","url":"https:\/\/www.rocketshipschools.org\/distance-learning\/social-emotional-learning\/aboutcovid\/","name":"About COVID19","isPartOf":{"@id":"https:\/\/www.rocketshipschools.org\/#website"},"datePublished":"2020-04-21T21:28:01+00:00","dateModified":"2021-02-10T03:33:21+00:00","breadcrumb":{"@id":"https:\/\/www.rocketshipschools.org\/distance-learning\/social-emotional-learning\/aboutcovid\/#breadcrumb"},"inLanguage":"vi","potentialAction":[{"@type":"ReadAction","target":["https:\/\/www.rocketshipschools.org\/distance-learning\/social-emotional-learning\/aboutcovid\/"]}]},{"@type":"BreadcrumbList","@id":"https:\/\/www.rocketshipschools.org\/distance-learning\/social-emotional-learning\/aboutcovid\/#breadcrumb","itemListElement":[{"@type":"ListItem","position":1,"name":"Home","item":"https:\/\/www.rocketshipschools.org\/"},{"@type":"ListItem","position":2,"name":"Distance Learning Launchpad","item":"https:\/\/www.rocketshipschools.org\/distance-learning\/"},{"@type":"ListItem","position":3,"name":"Social Emotional Learning","item":"https:\/\/www.rocketshipschools.org\/distance-learning\/social-emotional-learning\/"},{"@type":"ListItem","position":4,"name":"About COVID19"}]},{"@type":"WebSite","@id":"https:\/\/www.rocketshipschools.org\/#website","url":"https:\/\/www.rocketshipschools.org\/","name":"Rocketship","description":"We are unleashing potential.","potentialAction":[{"@type":"SearchAction","target":{"@type":"EntryPoint","urlTemplate":"https:\/\/www.rocketshipschools.org\/?s={search_term_string}"},"query-input":{"@type":"PropertyValueSpecification","valueRequired":true,"valueName":"search_term_string"}}],"inLanguage":"vi"}]}},"_links":{"self":[{"href":"https:\/\/www.rocketshipschools.org\/vi\/wp-json\/wp\/v2\/pages\/17337"}],"collection":[{"href":"https:\/\/www.rocketshipschools.org\/vi\/wp-json\/wp\/v2\/pages"}],"about":[{"href":"https:\/\/www.rocketshipschools.org\/vi\/wp-json\/wp\/v2\/types\/page"}],"author":[{"embeddable":true,"href":"https:\/\/www.rocketshipschools.org\/vi\/wp-json\/wp\/v2\/users\/17"}],"replies":[{"embeddable":true,"href":"https:\/\/www.rocketshipschools.org\/vi\/wp-json\/wp\/v2\/comments?post=17337"}],"version-history":[{"count":0,"href":"https:\/\/www.rocketshipschools.org\/vi\/wp-json\/wp\/v2\/pages\/17337\/revisions"}],"up":[{"embeddable":true,"href":"https:\/\/www.rocketshipschools.org\/vi\/wp-json\/wp\/v2\/pages\/16945"}],"wp:attachment":[{"href":"https:\/\/www.rocketshipschools.org\/vi\/wp-json\/wp\/v2\/media?parent=17337"}],"wp:term":[{"taxonomy":"tips_for_teachers","embeddable":true,"href":"https:\/\/www.rocketshipschools.org\/vi\/wp-json\/wp\/v2\/tips_for_teachers?post=17337"}],"curies":[{"name":"wp","href":"https:\/\/api.w.org\/{rel}","templated":true}]}}