 {"id":21388,"date":"2022-03-17T15:52:51","date_gmt":"2022-03-17T15:52:51","guid":{"rendered":"https:\/\/www.rocketshipschools.org\/?page_id=21388"},"modified":"2022-03-25T18:08:59","modified_gmt":"2022-03-25T18:08:59","slug":"dc-summer-camp","status":"publish","type":"page","link":"https:\/\/www.rocketshipschools.org\/vi\/dc-summer-camp\/","title":{"rendered":"Rocket Booster Summer Camp"},"content":{"rendered":"<div class=\"wpb-content-wrapper\"><div class=\"vc_row wpb_row vc_row-fluid\"><div class=\"wpb_column vc_column_container vc_col-sm-12\"><div class=\"vc_column-inner\"><div class=\"wpb_wrapper\">\n\t<div  class=\"wpb_single_image wpb_content_element vc_align_center wpb_content_element\">\n\t\t\n\t\t<figure class=\"wpb_wrapper vc_figure\">\n\t\t\t<div class=\"vc_single_image-wrapper   vc_box_border_grey\"><img loading=\"lazy\" decoding=\"async\" width=\"791\" height=\"1024\" src=\"https:\/\/www.rocketshipschools.org\/wp-content\/uploads\/2022\/03\/Summer-Camp-Flyer-pdf-791x1024.jpg\" class=\"vc_single_image-img attachment-large\" alt=\"\" title=\"Summer Camp Flyer\" \/><\/div>\n\t\t<\/figure>\n\t<\/div>\n\n\t<div class=\"wpb_text_column wpb_content_element\" >\n\t\t<div class=\"wpb_wrapper\">\n\t\t\t<p>Rocket Booster! Summer Camp is open to all Pre-K4 through 5th grade students enrolled in Rocketship DC schools for the 2022-23 school year. The program will provide Rocketeers access to academic enrichment, physical education, technology, art, and field trips.<\/p>\n\n\t\t<\/div>\n\t<\/div>\n<\/div><\/div><\/div><\/div><div class=\"vc_row wpb_row vc_row-fluid\"><div class=\"wpb_column vc_column_container vc_col-sm-12\"><div class=\"vc_column-inner\"><div class=\"wpb_wrapper\">\n\t<div class=\"wpb_text_column wpb_content_element\" >\n\t\t<div class=\"wpb_wrapper\">\n\t\t\t<h3>L\u1ecbch tr\u00ecnh h\u00e0ng ng\u00e0y<\/h3>\n<p>The Rocket Booster! Summer Camp schedule will include a balance of academic enrichment, recreational, and social activities. Below you will find a sample schedule. Schedules will vary by campus and grade-level.<\/p>\n\n\t\t<\/div>\n\t<\/div>\n<div class=\"vc_tta-container\" data-vc-action=\"collapse\"><div class=\"vc_general vc_tta vc_tta-tabs vc_tta-color-turquoise vc_tta-style-classic vc_tta-shape-rounded vc_tta-spacing-1 vc_tta-tabs-position-top vc_tta-controls-align-left\"><div class=\"vc_tta-tabs-container\"><ul class=\"vc_tta-tabs-list\"><li class=\"vc_tta-tab vc_active\" data-vc-tab><a href=\"#1625773121115-c09ee2be-dca1\" data-vc-tabs data-vc-container=\".vc_tta\"><span class=\"vc_tta-title-text\">Sample Schedule<\/span><\/a><\/li><\/ul><\/div><div class=\"vc_tta-panels-container\"><div class=\"vc_tta-panels\"><div class=\"vc_tta-panel vc_active\" id=\"1625773121115-c09ee2be-dca1\" data-vc-content=\".vc_tta-panel-body\"><div class=\"vc_tta-panel-heading\"><h4 class=\"vc_tta-panel-title\"><a href=\"#1625773121115-c09ee2be-dca1\" data-vc-accordion data-vc-container=\".vc_tta-container\"><span class=\"vc_tta-title-text\">Sample Schedule<\/span><\/a><\/h4><\/div><div class=\"vc_tta-panel-body\">\n\t<div class=\"wpb_text_column wpb_content_element\" >\n\t\t<div class=\"wpb_wrapper\">\n\t\t\t<p><strong>Time &amp; Activity,<\/strong><br \/>\n8:30 &#8211; 9:00am, Arrival &amp; Breakfast<br \/>\n9:00 &#8211; 9:30am, Community Meeting<br \/>\n9:30 &#8211; 11:00am, Academic Enrichment<br \/>\n11:00am &#8211; 12:00pm, Recess and Lunch<br \/>\n12:00 &#8211; 12:45pm, Technology<br \/>\n12:45 &#8211; 1:30pm. Art<br \/>\n1:30 &#8211; 2:15pm, Physical Education<br \/>\n2:15 &#8211; 2:30pm, Closing<br \/>\n2:30 &#8211; 3:00pm, Dismissal<\/p>\n\n\t\t<\/div>\n\t<\/div>\n<\/div><\/div><\/div><\/div><\/div><\/div><\/div><\/div><\/div><\/div><div class=\"vc_row wpb_row vc_row-fluid\"><div class=\"wpb_column vc_column_container vc_col-sm-12\"><div class=\"vc_column-inner\"><div class=\"wpb_wrapper\">\n\t<div class=\"wpb_text_column wpb_content_element\" >\n\t\t<div class=\"wpb_wrapper\">\n\t\t\t<h3>Tr\u1ecb gi\u00e1<\/h3>\n<p>The Rocket Booster! Summer Camp is free.<\/p>\n\n\t\t<\/div>\n\t<\/div>\n\n\t<div class=\"wpb_text_column wpb_content_element\" >\n\t\t<div class=\"wpb_wrapper\">\n\t\t\t<h3>\u0110\u0103ng k\u00fd<\/h3>\n<p><strong>Families who would like to enroll their Rocketeer in Rocket Booster! Summer Camp should follow these steps.<br \/>\n<\/strong><br \/>\n<strong>1. Complete the <a href=\"https:\/\/docs.google.com\/forms\/d\/e\/1FAIpQLScYguDyp1G_8yzWes5DVXfxK1wN4aqLMkV9NXnzBbjkRpNaow\/viewform\">Application Form<\/a>.<\/strong><br \/>\n<em>(Note: Space in Rocket Booster! Summer Camp is limited. Spaces will be filled in the order in which Interest Forms are received. If the roster has been filled before your application is received, your Rocketeer will be placed on the waitlist.)<\/em><\/p>\n<p><strong>2. Review the <a href=\"https:\/\/drive.google.com\/file\/d\/18okA8Hk0Jw-5h5wYqc2-k_AjXiLBGxiX\/view?usp=sharing\">Family Handbook<\/a>.<br \/>\n<\/strong><br \/>\n<strong>3. Complete your Rocketeer&#8217;s 2022-23 school year enrollment with the school&#8217;s Office Manager before May 15.\u00a0 <\/strong><\/p>\n<p><em>You will be notified by the Site Manager for Extended Learning at your Rocketeer\u2019s campus when your application has been processed and your Rocketeer has been assigned a seat. Your Rocketeer will only be eligible to attend Rocket Booster! Summer Camp if all SY 2022-23 enrollment paperwork has been processed.<\/em><\/p>\n\n\t\t<\/div>\n\t<\/div>\n\n\t<div class=\"wpb_text_column wpb_content_element\" >\n\t\t<div class=\"wpb_wrapper\">\n\t\t\t<h3>B\u1ea1n c\u00f3 th\u1eafc m\u1eafc kh\u00f4ng?<\/h3>\n<p>Contact the Site Manager for Extended Learning at your Rocketeer\u2019s campus with any further questions.<\/p>\n<p><em>For Rocketship Rise Academy<\/em> &#8211; Contact Rakeisha Heckstall &#8211; rheckstall@rsed.org;<br \/>\nAddress: 2335 Raynolds Place SE Washington, DC 20020<\/p>\n<p><em>For Rocketship Legacy Prep<\/em> &#8211; Contact Nailah Whitlock &#8211; nwhitlock@rsed.org;<br \/>\n\u0110\u1ecba ch\u1ec9: 4250 Massachusetts Ave SE Washington, DC 20019<\/p>\n<p><em>For Rocketship Infinity Community Prep<\/em> &#8211; Contact Rachel Hustedt, rhustedt@rsed.org;<br \/>\nAddress: 5450 3rd St NE Washington, DC 20011<\/p>\n\n\t\t<\/div>\n\t<\/div>\n<\/div><\/div><\/div><div class=\"wpb_column vc_column_container vc_col-sm-12\"><div class=\"vc_column-inner\"><div class=\"wpb_wrapper\"><\/div><\/div><\/div><div class=\"wpb_column vc_column_container vc_col-sm-12\"><div class=\"vc_column-inner\"><div class=\"wpb_wrapper\"><\/div><\/div><\/div><\/div><div data-vc-full-width=\"true\" data-vc-full-width-init=\"false\" data-vc-stretch-content=\"true\" class=\"vc_row wpb_row vc_row-fluid img-100 vc_row-no-padding vc_row-o-content-middle vc_row-flex\"><div class=\"wpb_column vc_column_container vc_col-sm-12\"><div class=\"vc_column-inner\"><div class=\"wpb_wrapper\">\n\t<div  class=\"wpb_single_image wpb_content_element vc_align_center wpb_content_element  rse-full-img\">\n\t\t\n\t\t<figure class=\"wpb_wrapper vc_figure\">\n\t\t\t<div class=\"vc_single_image-wrapper vc_box_rounded  vc_box_border_grey\"><img loading=\"lazy\" decoding=\"async\" width=\"300\" height=\"125\" src=\"https:\/\/www.rocketshipschools.org\/wp-content\/uploads\/2021\/07\/narrow-close-up-300x125.png\" class=\"vc_single_image-img attachment-medium\" alt=\"\" title=\"c\u1eadn c\u1ea3nh h\u1eb9p\" srcset=\"https:\/\/www.rocketshipschools.org\/wp-content\/uploads\/2021\/07\/narrow-close-up-300x125.png 300w, https:\/\/www.rocketshipschools.org\/wp-content\/uploads\/2021\/07\/narrow-close-up-1024x426.png 1024w, https:\/\/www.rocketshipschools.org\/wp-content\/uploads\/2021\/07\/narrow-close-up-768x319.png 768w, https:\/\/www.rocketshipschools.org\/wp-content\/uploads\/2021\/07\/narrow-close-up-1536x639.png 1536w, https:\/\/www.rocketshipschools.org\/wp-content\/uploads\/2021\/07\/narrow-close-up.png 2048w\" sizes=\"(max-width: 300px) 100vw, 300px\" \/><\/div>\n\t\t<\/figure>\n\t<\/div>\n<\/div><\/div><\/div><\/div><div class=\"vc_row-full-width vc_clearfix\"><\/div>\n<\/div>","protected":false},"excerpt":{"rendered":"Rocket Booster! Summer Camp is open to all Pre-K4 through 5th grade students enrolled in Rocketship DC schools for the 2022-23 school year. The program will provide Rocketeers access to academic enrichment, physical education, technology, art, and field trips. Daily Schedule The Rocket Booster! Summer Camp schedule will include a balance of academic enrichment, recreational,&hellip;","protected":false},"author":25,"featured_media":0,"parent":0,"menu_order":0,"comment_status":"closed","ping_status":"closed","template":"","meta":{"_acf_changed":false,"content-type":"","footnotes":""},"tips_for_teachers":[],"class_list":["post-21388","page","type-page","status-publish","hentry"],"acf":[],"yoast_head":"<!-- This site is optimized with the Yoast SEO plugin v27.0 - https:\/\/yoast.com\/product\/yoast-seo-wordpress\/ -->\n<title>Rocket Booster Summer Camp<\/title>\n<meta name=\"robots\" content=\"index, follow, max-snippet:-1, max-image-preview:large, max-video-preview:-1\" \/>\n<link rel=\"canonical\" href=\"https:\/\/www.rocketshipschools.org\/vi\/dc-summer-camp\/\" \/>\n<meta property=\"og:locale\" content=\"vi_VN\" \/>\n<meta property=\"og:type\" content=\"article\" \/>\n<meta property=\"og:title\" content=\"Rocket Booster Summer Camp\" \/>\n<meta property=\"og:url\" content=\"https:\/\/www.rocketshipschools.org\/vi\/dc-summer-camp\/\" \/>\n<meta property=\"og:site_name\" content=\"Rocketship\" \/>\n<meta property=\"article:modified_time\" content=\"2022-03-25T18:08:59+00:00\" \/>\n<meta name=\"twitter:card\" content=\"summary_large_image\" \/>\n<meta name=\"twitter:label1\" content=\"Est. reading time\" \/>\n\t<meta name=\"twitter:data1\" content=\"2 ph\u00fat\" \/>\n<script type=\"application\/ld+json\" class=\"yoast-schema-graph\">{\"@context\":\"https:\/\/schema.org\",\"@graph\":[{\"@type\":\"WebPage\",\"@id\":\"https:\/\/www.rocketshipschools.org\/dc-summer-camp\/\",\"url\":\"https:\/\/www.rocketshipschools.org\/dc-summer-camp\/\",\"name\":\"Rocket Booster Summer Camp\",\"isPartOf\":{\"@id\":\"https:\/\/www.rocketshipschools.org\/#website\"},\"datePublished\":\"2022-03-17T15:52:51+00:00\",\"dateModified\":\"2022-03-25T18:08:59+00:00\",\"breadcrumb\":{\"@id\":\"https:\/\/www.rocketshipschools.org\/dc-summer-camp\/#breadcrumb\"},\"inLanguage\":\"vi\",\"potentialAction\":[{\"@type\":\"ReadAction\",\"target\":[\"https:\/\/www.rocketshipschools.org\/dc-summer-camp\/\"]}]},{\"@type\":\"BreadcrumbList\",\"@id\":\"https:\/\/www.rocketshipschools.org\/dc-summer-camp\/#breadcrumb\",\"itemListElement\":[{\"@type\":\"ListItem\",\"position\":1,\"name\":\"Home\",\"item\":\"https:\/\/www.rocketshipschools.org\/\"},{\"@type\":\"ListItem\",\"position\":2,\"name\":\"Rocket Booster Summer Camp\"}]},{\"@type\":\"WebSite\",\"@id\":\"https:\/\/www.rocketshipschools.org\/#website\",\"url\":\"https:\/\/www.rocketshipschools.org\/\",\"name\":\"Rocketship\",\"description\":\"We are unleashing potential.\",\"potentialAction\":[{\"@type\":\"SearchAction\",\"target\":{\"@type\":\"EntryPoint\",\"urlTemplate\":\"https:\/\/www.rocketshipschools.org\/?s={search_term_string}\"},\"query-input\":{\"@type\":\"PropertyValueSpecification\",\"valueRequired\":true,\"valueName\":\"search_term_string\"}}],\"inLanguage\":\"vi\"}]}<\/script>\n<!-- \/ Yoast SEO plugin. -->","yoast_head_json":{"title":"Rocket Booster Summer Camp","robots":{"index":"index","follow":"follow","max-snippet":"max-snippet:-1","max-image-preview":"max-image-preview:large","max-video-preview":"max-video-preview:-1"},"canonical":"https:\/\/www.rocketshipschools.org\/vi\/dc-summer-camp\/","og_locale":"vi_VN","og_type":"article","og_title":"Rocket Booster Summer Camp","og_url":"https:\/\/www.rocketshipschools.org\/vi\/dc-summer-camp\/","og_site_name":"Rocketship","article_modified_time":"2022-03-25T18:08:59+00:00","twitter_card":"summary_large_image","twitter_misc":{"Est. reading time":"2 ph\u00fat"},"schema":{"@context":"https:\/\/schema.org","@graph":[{"@type":"WebPage","@id":"https:\/\/www.rocketshipschools.org\/dc-summer-camp\/","url":"https:\/\/www.rocketshipschools.org\/dc-summer-camp\/","name":"Rocket Booster Summer Camp","isPartOf":{"@id":"https:\/\/www.rocketshipschools.org\/#website"},"datePublished":"2022-03-17T15:52:51+00:00","dateModified":"2022-03-25T18:08:59+00:00","breadcrumb":{"@id":"https:\/\/www.rocketshipschools.org\/dc-summer-camp\/#breadcrumb"},"inLanguage":"vi","potentialAction":[{"@type":"ReadAction","target":["https:\/\/www.rocketshipschools.org\/dc-summer-camp\/"]}]},{"@type":"BreadcrumbList","@id":"https:\/\/www.rocketshipschools.org\/dc-summer-camp\/#breadcrumb","itemListElement":[{"@type":"ListItem","position":1,"name":"Home","item":"https:\/\/www.rocketshipschools.org\/"},{"@type":"ListItem","position":2,"name":"Rocket Booster Summer Camp"}]},{"@type":"WebSite","@id":"https:\/\/www.rocketshipschools.org\/#website","url":"https:\/\/www.rocketshipschools.org\/","name":"Rocketship","description":"We are unleashing potential.","potentialAction":[{"@type":"SearchAction","target":{"@type":"EntryPoint","urlTemplate":"https:\/\/www.rocketshipschools.org\/?s={search_term_string}"},"query-input":{"@type":"PropertyValueSpecification","valueRequired":true,"valueName":"search_term_string"}}],"inLanguage":"vi"}]}},"_links":{"self":[{"href":"https:\/\/www.rocketshipschools.org\/vi\/wp-json\/wp\/v2\/pages\/21388"}],"collection":[{"href":"https:\/\/www.rocketshipschools.org\/vi\/wp-json\/wp\/v2\/pages"}],"about":[{"href":"https:\/\/www.rocketshipschools.org\/vi\/wp-json\/wp\/v2\/types\/page"}],"author":[{"embeddable":true,"href":"https:\/\/www.rocketshipschools.org\/vi\/wp-json\/wp\/v2\/users\/25"}],"replies":[{"embeddable":true,"href":"https:\/\/www.rocketshipschools.org\/vi\/wp-json\/wp\/v2\/comments?post=21388"}],"version-history":[{"count":0,"href":"https:\/\/www.rocketshipschools.org\/vi\/wp-json\/wp\/v2\/pages\/21388\/revisions"}],"wp:attachment":[{"href":"https:\/\/www.rocketshipschools.org\/vi\/wp-json\/wp\/v2\/media?parent=21388"}],"wp:term":[{"taxonomy":"tips_for_teachers","embeddable":true,"href":"https:\/\/www.rocketshipschools.org\/vi\/wp-json\/wp\/v2\/tips_for_teachers?post=21388"}],"curies":[{"name":"wp","href":"https:\/\/api.w.org\/{rel}","templated":true}]}}